{"id":3708,"date":"2021-10-29T13:08:41","date_gmt":"2021-10-29T11:08:41","guid":{"rendered":"https:\/\/72k.ch\/?post_type=product&#038;p=3708"},"modified":"2025-07-30T22:32:13","modified_gmt":"2025-07-30T20:32:13","slug":"extra-comfort-cleansing-foam","status":"publish","type":"product","link":"https:\/\/72k.ch\/tr\/shop\/men\/extra-comfort-cleansing-foam\/","title":{"rendered":"extra-comfort cleansing foam"},"content":{"rendered":"<p class=\"translation-block\"><strong>\u0130ster sabahlar\u0131 ister yo\u011fun bir g\u00fcn\u00fcn ard\u0131ndan:<\/strong> stresli cilt, onu g\u00fcnl\u00fck ya\u015fam\u0131n y\u00fck\u00fcnden kurtaran nazik bir temizli\u011fe ihtiya\u00e7 duyar. Kirlere, fazla cilt ya\u011f\u0131na ve makyaj kal\u0131nt\u0131lar\u0131na son verin. 72k ekstra konforlu k\u00f6p\u00fck temizleyici, cildi \u00f6zg\u00fcrle\u015ftiren ve yeniden nefes almas\u0131n\u0131 sa\u011flayan ultra hafif bir tazelik deste\u011fidir. Se\u00e7ilmi\u015f Fitoekstraktlar cildi temizler, peeling yapar, nemlendirir ve p\u00fcr\u00fczs\u00fczle\u015ftirir. Faydal\u0131 botanik ya\u011flar cildi yat\u0131\u015ft\u0131r\u0131r, sakinle\u015ftirir ve uzun s\u00fcre ho\u015f bir tazelik hissi verir.<\/p>","protected":false},"excerpt":{"rendered":"<p>ar\u0131nd\u0131r\u0131c\u0131 Artemisia C-08UC Complex ile ekstra hafif temizleme k\u00f6p\u00fc\u011f\u00fc<sup>\u00ae<\/sup><\/p>","protected":false},"featured_media":13513,"comment_status":"open","ping_status":"closed","template":"","meta":[],"product_brand":[138],"product_cat":[134,135],"product_tag":[132,131],"class_list":{"0":"post-3708","1":"product","2":"type-product","3":"status-publish","4":"has-post-thumbnail","6":"product_brand-72k","7":"product_cat-men","8":"product_cat-women","9":"product_tag-men","10":"product_tag-women","12":"first","13":"instock","14":"taxable","15":"shipping-taxable","16":"purchasable","17":"product-type-simple"},"_links":{"self":[{"href":"https:\/\/72k.ch\/tr\/wp-json\/wp\/v2\/product\/3708","targetHints":{"allow":["GET"]}}],"collection":[{"href":"https:\/\/72k.ch\/tr\/wp-json\/wp\/v2\/product"}],"about":[{"href":"https:\/\/72k.ch\/tr\/wp-json\/wp\/v2\/types\/product"}],"replies":[{"embeddable":true,"href":"https:\/\/72k.ch\/tr\/wp-json\/wp\/v2\/comments?post=3708"}],"wp:featuredmedia":[{"embeddable":true,"href":"https:\/\/72k.ch\/tr\/wp-json\/wp\/v2\/media\/13513"}],"wp:attachment":[{"href":"https:\/\/72k.ch\/tr\/wp-json\/wp\/v2\/media?parent=3708"}],"wp:term":[{"taxonomy":"product_brand","embeddable":true,"href":"https:\/\/72k.ch\/tr\/wp-json\/wp\/v2\/product_brand?post=3708"},{"taxonomy":"product_cat","embeddable":true,"href":"https:\/\/72k.ch\/tr\/wp-json\/wp\/v2\/product_cat?post=3708"},{"taxonomy":"product_tag","embeddable":true,"href":"https:\/\/72k.ch\/tr\/wp-json\/wp\/v2\/product_tag?post=3708"}],"curies":[{"name":"wp","href":"https:\/\/api.w.org\/{rel}","templated":true}]}}