{"id":2246,"date":"2021-09-22T13:37:43","date_gmt":"2021-09-22T11:37:43","guid":{"rendered":"https:\/\/dev.codepa.de\/72k\/?post_type=product&#038;p=2246"},"modified":"2025-09-21T17:37:13","modified_gmt":"2025-09-21T15:37:13","slug":"multi-talent-spot-serum","status":"publish","type":"product","link":"https:\/\/72k.ch\/tr\/shop\/treatment\/multi-talent-spot-serum\/","title":{"rendered":"multi-talent spot serum"},"content":{"rendered":"<p class=\"translation-block\"><strong>72k \u00e7ok yetenekli Spot Serum, \u00e7ok \u00e7e\u015fitli cilt sorunlar\u0131 i\u00e7in etkili bir ilk yard\u0131md\u0131r.<\/strong> Sa\u011fl\u0131kl\u0131 ve \u0131\u015f\u0131lt\u0131l\u0131 bir cildi geri kazand\u0131rmaya hizmet eder. <b>Artemisia<\/b> C-08UC Complex<sup>\u00ae<\/sup>, \u00f6zenle se\u00e7ilmi\u015f bitki \u00f6zleri ile birle\u015ferek cildin g\u00f6r\u00fcn\u00fcm\u00fcn\u00fc ustal\u0131kla d\u00fczeltirken ho\u015f bir his verir. 72k \"onar &amp; koru\" form\u00fcl\u00fc t\u00fcm cilt tipleri ve her ya\u015f i\u00e7in uygundur. Kaba sebum, geni\u015flemi\u015f g\u00f6zenekler, siyah noktalar veya sivilceler azalm\u0131\u015f g\u00f6r\u00fcn\u00fcr. Cilt e\u015fit tonda g\u00f6r\u00fcn\u00fcr, hiperpigmentasyon ve akne izleri azal\u0131r. Form\u00fclasyon ayr\u0131ca anti-enflamatuar ve b\u00fcz\u00fcc\u00fc etkiye sahiptir ve benzersiz aktif form\u00fcldeki do\u011fal ya\u011flar cildi nemlendirir. Sonu\u00e7 olarak, cilt yat\u0131\u015ft\u0131r\u0131l\u0131r ve iyile\u015fme s\u00fcreci ba\u015flat\u0131larak sa\u011fl\u0131kl\u0131 \u0131\u015f\u0131lt\u0131s\u0131 geri kazand\u0131r\u0131l\u0131r. Bu, 72k'y\u0131 ya\u015fam i\u00e7in m\u00fckemmel bir kozmetik arkada\u015f\u0131 yapar. Gen\u00e7ler i\u00e7in de tavsiye edilir.<\/p>","protected":false},"excerpt":{"rendered":"<p>hiperpotent Artemisia C-08UC Complex i\u00e7eren onar\u0131m ve savunma serumu<sup>\u00ae<\/sup><\/p>","protected":false},"featured_media":13509,"comment_status":"open","ping_status":"closed","template":"","meta":[],"product_brand":[138],"product_cat":[137],"product_tag":[100,133],"class_list":{"0":"post-2246","1":"product","2":"type-product","3":"status-publish","4":"has-post-thumbnail","6":"product_brand-72k","7":"product_cat-treatment","8":"product_tag-bestseller","9":"product_tag-treatment","11":"first","12":"instock","13":"taxable","14":"shipping-taxable","15":"purchasable","16":"product-type-simple"},"_links":{"self":[{"href":"https:\/\/72k.ch\/tr\/wp-json\/wp\/v2\/product\/2246","targetHints":{"allow":["GET"]}}],"collection":[{"href":"https:\/\/72k.ch\/tr\/wp-json\/wp\/v2\/product"}],"about":[{"href":"https:\/\/72k.ch\/tr\/wp-json\/wp\/v2\/types\/product"}],"replies":[{"embeddable":true,"href":"https:\/\/72k.ch\/tr\/wp-json\/wp\/v2\/comments?post=2246"}],"wp:featuredmedia":[{"embeddable":true,"href":"https:\/\/72k.ch\/tr\/wp-json\/wp\/v2\/media\/13509"}],"wp:attachment":[{"href":"https:\/\/72k.ch\/tr\/wp-json\/wp\/v2\/media?parent=2246"}],"wp:term":[{"taxonomy":"product_brand","embeddable":true,"href":"https:\/\/72k.ch\/tr\/wp-json\/wp\/v2\/product_brand?post=2246"},{"taxonomy":"product_cat","embeddable":true,"href":"https:\/\/72k.ch\/tr\/wp-json\/wp\/v2\/product_cat?post=2246"},{"taxonomy":"product_tag","embeddable":true,"href":"https:\/\/72k.ch\/tr\/wp-json\/wp\/v2\/product_tag?post=2246"}],"curies":[{"name":"wp","href":"https:\/\/api.w.org\/{rel}","templated":true}]}}