{"id":2244,"date":"2021-09-22T13:36:15","date_gmt":"2021-09-22T11:36:15","guid":{"rendered":"https:\/\/dev.codepa.de\/72k\/?post_type=product&#038;p=2244"},"modified":"2025-07-30T22:32:12","modified_gmt":"2025-07-30T20:32:12","slug":"face-serum-men","status":"publish","type":"product","link":"https:\/\/72k.ch\/tr\/shop\/men\/face-serum-men\/","title":{"rendered":"face serum"},"content":{"rendered":"<p><strong>Ultra hafif form\u00fcller yeni trend!<\/strong> \u0130\u015fte men i\u00e7in ola\u011fan\u00fcst\u00fc 72k face serum&#039;nin sundu\u011fu \u015fey. \u0130svi\u00e7re&#039;de geli\u015ftirilen bak\u0131m, yenileyici ve koruyucu Artemisia&#039;ya dayanmaktad\u0131r. <b>Artemisia<\/b> C-08UC Complex<sup>\u00ae<\/sup>, Fitoekstreler, bitkisel ya\u011flar ve ger\u00e7ek g\u00fc\u00e7lendirici dehalar Hyaluron ve Acmella Spilanthes. Stresli cildi susuzluktan korur ve beslerken, s\u0131k\u0131la\u015ft\u0131r\u0131c\u0131lar g\u00f6zle g\u00f6r\u00fcl\u00fcr \u015fekilde daha s\u0131k\u0131 g\u00f6r\u00fcnmesini ve &quot;mini bir lifting&quot; hissi vermesini sa\u011flar. Cilt nemlenir, canlan\u0131r ve gerekti\u011finde antibakteriyel ve anti-inflamatuar bak\u0131m uygulan\u0131r. Serum ayn\u0131 zamanda cildi d\u0131\u015f etkenlere kar\u015f\u0131 da korur. Bitkisel peeling etkisi cilt h\u00fccrelerinin yenilenmesini uyar\u0131r. Cilt rengi daha uyumlu g\u00f6r\u00fcn\u00fcr, cildin do\u011fal dokusu yenilenir ve belirgin \u015fekilde daha s\u0131k\u0131 g\u00f6r\u00fcn\u00fcr. Erkeksili\u011fi g\u00fczel g\u00f6r\u00fcnerek vurgulayanlar i\u00e7in 72k face serum uygundur!<\/p>","protected":false},"excerpt":{"rendered":"<p>\u00c7ok etkili Artemisia C-08UC Kompleksi i\u00e7eren yo\u011fun s\u0131k\u0131la\u015ft\u0131r\u0131c\u0131 ve s\u0131k\u0131la\u015ft\u0131r\u0131c\u0131 serum<sup>\u00ae<\/sup><\/p>","protected":false},"featured_media":13510,"comment_status":"open","ping_status":"closed","template":"","meta":[],"product_brand":[138],"product_cat":[134],"product_tag":[132],"class_list":{"0":"post-2244","1":"product","2":"type-product","3":"status-publish","4":"has-post-thumbnail","6":"product_brand-72k","7":"product_cat-men","8":"product_tag-men","10":"first","11":"instock","12":"taxable","13":"shipping-taxable","14":"purchasable","15":"product-type-simple"},"_links":{"self":[{"href":"https:\/\/72k.ch\/tr\/wp-json\/wp\/v2\/product\/2244","targetHints":{"allow":["GET"]}}],"collection":[{"href":"https:\/\/72k.ch\/tr\/wp-json\/wp\/v2\/product"}],"about":[{"href":"https:\/\/72k.ch\/tr\/wp-json\/wp\/v2\/types\/product"}],"replies":[{"embeddable":true,"href":"https:\/\/72k.ch\/tr\/wp-json\/wp\/v2\/comments?post=2244"}],"wp:featuredmedia":[{"embeddable":true,"href":"https:\/\/72k.ch\/tr\/wp-json\/wp\/v2\/media\/13510"}],"wp:attachment":[{"href":"https:\/\/72k.ch\/tr\/wp-json\/wp\/v2\/media?parent=2244"}],"wp:term":[{"taxonomy":"product_brand","embeddable":true,"href":"https:\/\/72k.ch\/tr\/wp-json\/wp\/v2\/product_brand?post=2244"},{"taxonomy":"product_cat","embeddable":true,"href":"https:\/\/72k.ch\/tr\/wp-json\/wp\/v2\/product_cat?post=2244"},{"taxonomy":"product_tag","embeddable":true,"href":"https:\/\/72k.ch\/tr\/wp-json\/wp\/v2\/product_tag?post=2244"}],"curies":[{"name":"wp","href":"https:\/\/api.w.org\/{rel}","templated":true}]}}