{"id":2242,"date":"2021-09-22T13:34:48","date_gmt":"2021-09-22T11:34:48","guid":{"rendered":"https:\/\/dev.codepa.de\/72k\/?post_type=product&#038;p=2242"},"modified":"2025-07-30T22:32:11","modified_gmt":"2025-07-30T20:32:11","slug":"eye-serum-men","status":"publish","type":"product","link":"https:\/\/72k.ch\/tr\/shop\/men\/eye-serum-men\/","title":{"rendered":"eye serum"},"content":{"rendered":"<p class=\"translation-block\"><strong>Erkeksi bir g\u00f6r\u00fcn\u00fcm \u00f6zg\u00fcven yayar!<\/strong> Gerekli bak\u0131m form\u00fcl\u00fc 72k sa\u011flar. Etkinle\u015ftirici ve koruyucu <b>Artemisia<\/b> C-08UC Complex <sup>\u00ae<\/sup> ile zenginle\u015ftirilmi\u015f, iki g\u00fczellik art\u0131r\u0131c\u0131 ve kabartma p\u00fcr\u00fczs\u00fczle\u015ftirici sodyum hiyal\u00fcronat ve Acmella Spilanthes&#039;in verimli etkile\u015fimi, stresli erkek cildine kapsaml\u0131 bir \u015fekilde kar\u015f\u0131 koyan benzersiz etkiler yarat\u0131r. Se\u00e7ilmi\u015f bitki \u00f6zleri, cildi nemlendirirken ve erken ya\u015flanmadan sorumlu serbest radikallerden korurken, cildi canland\u0131r\u0131r, s\u0131k\u0131la\u015ft\u0131r\u0131r ve ayd\u0131nlat\u0131c\u0131 bir etkiye sahiptir. Bitkisel ya\u011flar g\u00fcnl\u00fck ya\u015famda, i\u015fte ve bo\u015f zamanlar\u0131n\u0131zda cildi nemlendirir, yat\u0131\u015ft\u0131r\u0131r ve besler. Bu ya\u015flanma kar\u015f\u0131t\u0131 form\u00fcl, bak\u0131ml\u0131 erkek cazibesine y\u00f6nelik modaya uygun iddian\u0131n alt\u0131n\u0131 \u00e7iziyor!<\/p>","protected":false},"excerpt":{"rendered":"<p>Artemisia C-08UC Kompleksi ile yo\u011fun \u015fekilde s\u0131k\u0131la\u015ft\u0131r\u0131c\u0131 ve gen\u00e7le\u015ftirici eye serum<sup>\u00ae<\/sup><\/p>","protected":false},"featured_media":13507,"comment_status":"open","ping_status":"closed","template":"","meta":[],"product_brand":[138],"product_cat":[134],"product_tag":[132],"class_list":{"0":"post-2242","1":"product","2":"type-product","3":"status-publish","4":"has-post-thumbnail","6":"product_brand-72k","7":"product_cat-men","8":"product_tag-men","10":"first","11":"instock","12":"taxable","13":"shipping-taxable","14":"purchasable","15":"product-type-simple"},"_links":{"self":[{"href":"https:\/\/72k.ch\/tr\/wp-json\/wp\/v2\/product\/2242","targetHints":{"allow":["GET"]}}],"collection":[{"href":"https:\/\/72k.ch\/tr\/wp-json\/wp\/v2\/product"}],"about":[{"href":"https:\/\/72k.ch\/tr\/wp-json\/wp\/v2\/types\/product"}],"replies":[{"embeddable":true,"href":"https:\/\/72k.ch\/tr\/wp-json\/wp\/v2\/comments?post=2242"}],"wp:featuredmedia":[{"embeddable":true,"href":"https:\/\/72k.ch\/tr\/wp-json\/wp\/v2\/media\/13507"}],"wp:attachment":[{"href":"https:\/\/72k.ch\/tr\/wp-json\/wp\/v2\/media?parent=2242"}],"wp:term":[{"taxonomy":"product_brand","embeddable":true,"href":"https:\/\/72k.ch\/tr\/wp-json\/wp\/v2\/product_brand?post=2242"},{"taxonomy":"product_cat","embeddable":true,"href":"https:\/\/72k.ch\/tr\/wp-json\/wp\/v2\/product_cat?post=2242"},{"taxonomy":"product_tag","embeddable":true,"href":"https:\/\/72k.ch\/tr\/wp-json\/wp\/v2\/product_tag?post=2242"}],"curies":[{"name":"wp","href":"https:\/\/api.w.org\/{rel}","templated":true}]}}