{"id":2240,"date":"2021-09-22T13:33:18","date_gmt":"2021-09-22T11:33:18","guid":{"rendered":"https:\/\/dev.codepa.de\/72k\/?post_type=product&#038;p=2240"},"modified":"2025-07-30T22:32:10","modified_gmt":"2025-07-30T20:32:10","slug":"72k-active-toner-spray-men","status":"publish","type":"product","link":"https:\/\/72k.ch\/tr\/shop\/men\/72k-active-toner-spray-men\/","title":{"rendered":"active toner spray"},"content":{"rendered":"<p class=\"translation-block\"><strong>Yenilik yapma cesareti ile erkeksi bir g\u00f6r\u00fcn\u00fcm\u00fc koruyabilirsiniz!<\/strong> 72k Yo\u011fun Tonik iyi bir \u00f6rnektir. Yenilik\u00e7i s\u0131k\u0131la\u015ft\u0131r\u0131c\u0131 ve serinletici etkisi d\u00fczenli kullan\u0131mla belirginle\u015fir. Bitki \u00f6zleri ve botanik ya\u011flar g\u00f6zeneklerin derinliklerine kadar \u00e7al\u0131\u015f\u0131r. 72k Intensive Tonic&#039;in ince da\u011f\u0131lm\u0131\u015f bu\u011fusu, erkek cildini temizler ve tazeler, t\u0131ra\u015f yan\u0131\u011f\u0131 gibi i\u00e7in i\u00e7in yanan cilt tahri\u015flerini nazik bir serinlikle yat\u0131\u015ft\u0131r\u0131r ve s\u00f6nd\u00fcr\u00fcr. Toni\u011fimizin b\u00fcz\u00fcc\u00fc etkisi, ola\u011fan\u00fcst\u00fc enerji dolu cildi kasarak ve ortaya \u00e7\u0131kararak cildi s\u0131k\u0131la\u015ft\u0131r\u0131r. Yararl\u0131 bitki ya\u011flar\u0131, cildin g\u00f6zle g\u00f6r\u00fcl\u00fcr \u015fekilde beslenmi\u015f ve nemlenmi\u015f g\u00f6r\u00fcn\u00fcm\u00fcne katk\u0131da bulunur. \u015ea\u015f\u0131rt\u0131c\u0131 derecede g\u00fczel bir cilde sahip kendine g\u00fcvenen bir adam i\u00e7in ak\u0131ll\u0131 rutin.<\/p>","protected":false},"excerpt":{"rendered":"<p>canland\u0131r\u0131c\u0131, cildi yat\u0131\u015ft\u0131r\u0131c\u0131 aktif tonik Artemisia C-08UC Complex<sup>\u00ae<\/sup><\/p>","protected":false},"featured_media":13514,"comment_status":"open","ping_status":"closed","template":"","meta":[],"product_brand":[138],"product_cat":[134],"product_tag":[132],"class_list":{"0":"post-2240","1":"product","2":"type-product","3":"status-publish","4":"has-post-thumbnail","6":"product_brand-72k","7":"product_cat-men","8":"product_tag-men","10":"first","11":"instock","12":"taxable","13":"shipping-taxable","14":"purchasable","15":"product-type-simple"},"_links":{"self":[{"href":"https:\/\/72k.ch\/tr\/wp-json\/wp\/v2\/product\/2240","targetHints":{"allow":["GET"]}}],"collection":[{"href":"https:\/\/72k.ch\/tr\/wp-json\/wp\/v2\/product"}],"about":[{"href":"https:\/\/72k.ch\/tr\/wp-json\/wp\/v2\/types\/product"}],"replies":[{"embeddable":true,"href":"https:\/\/72k.ch\/tr\/wp-json\/wp\/v2\/comments?post=2240"}],"wp:featuredmedia":[{"embeddable":true,"href":"https:\/\/72k.ch\/tr\/wp-json\/wp\/v2\/media\/13514"}],"wp:attachment":[{"href":"https:\/\/72k.ch\/tr\/wp-json\/wp\/v2\/media?parent=2240"}],"wp:term":[{"taxonomy":"product_brand","embeddable":true,"href":"https:\/\/72k.ch\/tr\/wp-json\/wp\/v2\/product_brand?post=2240"},{"taxonomy":"product_cat","embeddable":true,"href":"https:\/\/72k.ch\/tr\/wp-json\/wp\/v2\/product_cat?post=2240"},{"taxonomy":"product_tag","embeddable":true,"href":"https:\/\/72k.ch\/tr\/wp-json\/wp\/v2\/product_tag?post=2240"}],"curies":[{"name":"wp","href":"https:\/\/api.w.org\/{rel}","templated":true}]}}