{"id":2238,"date":"2021-09-22T13:31:42","date_gmt":"2021-09-22T11:31:42","guid":{"rendered":"https:\/\/dev.codepa.de\/72k\/?post_type=product&#038;p=2238"},"modified":"2025-07-30T22:32:09","modified_gmt":"2025-07-30T20:32:09","slug":"face-creme","status":"publish","type":"product","link":"https:\/\/72k.ch\/tr\/shop\/women\/face-creme\/","title":{"rendered":"face cream"},"content":{"rendered":"<p class=\"translation-block\"><strong>I\u015f\u0131lt\u0131l\u0131 bir g\u00f6r\u00fcn\u00fcm, zengin bak\u0131mdan kaynaklan\u0131r!<\/strong> 72k y\u00fcz kreminin etkinli\u011fi, bilimsel temelli <b>Artemisia<\/b> C-08UC Complex <sup>\u00ae<\/sup> form\u00fcl\u00fc, de\u011ferli Bitki \u00f6zleri, se\u00e7ilmi\u015f bitkisel ya\u011flar ve p\u00fcr\u00fczs\u00fczl\u00fck ve s\u0131k\u0131la\u015ft\u0131r\u0131c\u0131 g\u00fc\u00e7lendiriciler sodyum hiyal\u00fcronat ve Acmella Spilanthes&#039;de yatmaktad\u0131r. Enfes bitki \u00f6zleri cildi yeniler, p\u00fcr\u00fczs\u00fczle\u015ftirir ve e\u015fitler. Cildin optik parlakl\u0131\u011f\u0131n\u0131 uyumlu hale getirirler ve do\u011fal bir &quot;\u0131\u015f\u0131lt\u0131&quot; sa\u011flarlar. Ayn\u0131 zamanda cildin erken ya\u015flanmas\u0131ndan sorumlu olan serbest radikallerin neden oldu\u011fu oksidatif strese kar\u015f\u0131 da koruma sa\u011flarlar. Bitkisel ya\u011flar bu korumay\u0131 tamamlar, cildi besler ve yat\u0131\u015ft\u0131r\u0131r ve sodyum hiyal\u00fcronat ile birlikte nemin korunmas\u0131na yard\u0131mc\u0131 olur. 72k l\u00fcks krem, ya\u015flanma kar\u015f\u0131t\u0131 ve mini lifting etkisi ile bak\u0131ml\u0131 ve gen\u00e7le\u015fmi\u015f bir g\u00f6r\u00fcn\u00fcm verir. 72k y\u00fcz kreminin dokusu ve aktif form\u00fcl\u00fc, normalden kuruya ve olgun ciltler i\u00e7in en uygun olan\u0131d\u0131r, ancak di\u011fer cilt tipleri ve her ya\u015f i\u00e7in faydal\u0131 olmaya devam eder.<\/p>","protected":false},"excerpt":{"rendered":"<p>\u00e7ok etkili Artemisia C-08UC Complex ile \u00e7oklu d\u00fczeltici face cream<sup>\u00ae<\/sup><\/p>","protected":false},"featured_media":13512,"comment_status":"open","ping_status":"closed","template":"","meta":[],"product_brand":[138],"product_cat":[135],"product_tag":[100,131],"class_list":{"0":"post-2238","1":"product","2":"type-product","3":"status-publish","4":"has-post-thumbnail","6":"product_brand-72k","7":"product_cat-women","8":"product_tag-bestseller","9":"product_tag-women","11":"first","12":"instock","13":"taxable","14":"shipping-taxable","15":"purchasable","16":"product-type-simple"},"_links":{"self":[{"href":"https:\/\/72k.ch\/tr\/wp-json\/wp\/v2\/product\/2238","targetHints":{"allow":["GET"]}}],"collection":[{"href":"https:\/\/72k.ch\/tr\/wp-json\/wp\/v2\/product"}],"about":[{"href":"https:\/\/72k.ch\/tr\/wp-json\/wp\/v2\/types\/product"}],"replies":[{"embeddable":true,"href":"https:\/\/72k.ch\/tr\/wp-json\/wp\/v2\/comments?post=2238"}],"wp:featuredmedia":[{"embeddable":true,"href":"https:\/\/72k.ch\/tr\/wp-json\/wp\/v2\/media\/13512"}],"wp:attachment":[{"href":"https:\/\/72k.ch\/tr\/wp-json\/wp\/v2\/media?parent=2238"}],"wp:term":[{"taxonomy":"product_brand","embeddable":true,"href":"https:\/\/72k.ch\/tr\/wp-json\/wp\/v2\/product_brand?post=2238"},{"taxonomy":"product_cat","embeddable":true,"href":"https:\/\/72k.ch\/tr\/wp-json\/wp\/v2\/product_cat?post=2238"},{"taxonomy":"product_tag","embeddable":true,"href":"https:\/\/72k.ch\/tr\/wp-json\/wp\/v2\/product_tag?post=2238"}],"curies":[{"name":"wp","href":"https:\/\/api.w.org\/{rel}","templated":true}]}}