{"id":2236,"date":"2021-09-22T13:29:55","date_gmt":"2021-09-22T11:29:55","guid":{"rendered":"https:\/\/dev.codepa.de\/72k\/?post_type=product&#038;p=2236"},"modified":"2025-07-30T22:32:08","modified_gmt":"2025-07-30T20:32:08","slug":"face-serum","status":"publish","type":"product","link":"https:\/\/72k.ch\/tr\/shop\/women\/face-serum\/","title":{"rendered":"face serum"},"content":{"rendered":"<p class=\"translation-block\"><strong>\u0130yi form\u00fcle edilmi\u015f g\u00fczellik her kad\u0131na yak\u0131\u015f\u0131r!<\/strong> 72k y\u00fcz serumunun b\u00fcy\u00fcleyici etkinli\u011fi tamamen buna odaklanm\u0131\u015ft\u0131r ve klinik olarak kan\u0131tlanm\u0131\u015ft\u0131r. Yenilik\u00e7i, benzersiz <b>Artemisia<\/b> C-08UC Complex<sup>\u00ae<\/sup> ve de\u011ferli bitki aktiflerinin zorlay\u0131c\u0131 g\u00fcc\u00fcnden olu\u015fan g\u00fc\u00e7l\u00fc form\u00fclasyonuna dayan\u0131r. Sinerjik Phytoextracts firmalar\u0131 canland\u0131r\u0131r ve s\u0131k\u0131la\u015ft\u0131r\u0131c\u0131 olarak i\u015flev g\u00f6r\u00fcr. Gerekti\u011finde antibakteriyel ve anti-enflamatuar etkilere de sahiptirler.<\/p>\n<p class=\"translation-block\">Ek olarak, sodyum hiyal\u00fcronat g\u00fc\u00e7lendirici cildi nemlendirir ve biyo-botoks Acmella Spilanthes (para cress) ile birlikte cildin daha p\u00fcr\u00fczs\u00fcz ve s\u0131k\u0131 g\u00f6r\u00fcnmesini sa\u011flar. Faydal\u0131 bitki ya\u011flar\u0131 cildi besleyerek, yat\u0131\u015ft\u0131rarak ve kurumaya kar\u015f\u0131 koruyarak cildin \u0131\u015f\u0131lt\u0131l\u0131 ve gen\u00e7 g\u00f6r\u00fcnmesini sa\u011flar. (Bitkisel peeling etkisi cildin h\u00fccre yenilenmesini uyar\u0131r.) <b>Artemisia<\/b> C-08UC Complex<sup>\u00ae<\/sup> cildinizi ayd\u0131nlat\u0131r, ten rengini temizler ve antioksidanlarla sizi korur. Size \u0131\u015f\u0131ldayan bir cilt ve ho\u015f bir his b\u0131rak\u0131r. 72k y\u00fcz serumlar\u0131 zaman\u0131n izlerini bulan\u0131kla\u015ft\u0131rmak i\u00e7in ekstra bak\u0131m katar!<\/p>","protected":false},"excerpt":{"rendered":"<p>Artemisia C-08UC Complex ile y\u00fcksek performansl\u0131 ultra kald\u0131rma face serum<sup>\u00ae<\/sup><\/p>","protected":false},"featured_media":13511,"comment_status":"open","ping_status":"closed","template":"","meta":[],"product_brand":[138],"product_cat":[135],"product_tag":[131],"class_list":{"0":"post-2236","1":"product","2":"type-product","3":"status-publish","4":"has-post-thumbnail","6":"product_brand-72k","7":"product_cat-women","8":"product_tag-women","10":"first","11":"instock","12":"taxable","13":"shipping-taxable","14":"purchasable","15":"product-type-simple"},"_links":{"self":[{"href":"https:\/\/72k.ch\/tr\/wp-json\/wp\/v2\/product\/2236","targetHints":{"allow":["GET"]}}],"collection":[{"href":"https:\/\/72k.ch\/tr\/wp-json\/wp\/v2\/product"}],"about":[{"href":"https:\/\/72k.ch\/tr\/wp-json\/wp\/v2\/types\/product"}],"replies":[{"embeddable":true,"href":"https:\/\/72k.ch\/tr\/wp-json\/wp\/v2\/comments?post=2236"}],"wp:featuredmedia":[{"embeddable":true,"href":"https:\/\/72k.ch\/tr\/wp-json\/wp\/v2\/media\/13511"}],"wp:attachment":[{"href":"https:\/\/72k.ch\/tr\/wp-json\/wp\/v2\/media?parent=2236"}],"wp:term":[{"taxonomy":"product_brand","embeddable":true,"href":"https:\/\/72k.ch\/tr\/wp-json\/wp\/v2\/product_brand?post=2236"},{"taxonomy":"product_cat","embeddable":true,"href":"https:\/\/72k.ch\/tr\/wp-json\/wp\/v2\/product_cat?post=2236"},{"taxonomy":"product_tag","embeddable":true,"href":"https:\/\/72k.ch\/tr\/wp-json\/wp\/v2\/product_tag?post=2236"}],"curies":[{"name":"wp","href":"https:\/\/api.w.org\/{rel}","templated":true}]}}