{"id":2233,"date":"2021-09-22T13:19:10","date_gmt":"2021-09-22T11:19:10","guid":{"rendered":"https:\/\/dev.codepa.de\/72k\/?post_type=product&#038;p=2233"},"modified":"2025-07-30T22:32:07","modified_gmt":"2025-07-30T20:32:07","slug":"eye-creme","status":"publish","type":"product","link":"https:\/\/72k.ch\/tr\/shop\/women\/eye-creme\/","title":{"rendered":"eye cream"},"content":{"rendered":"<p class=\"translation-block\"><strong>G\u00f6rsel gen\u00e7le\u015ftirme i\u015fin ilk s\u0131ras\u0131d\u0131r!<\/strong> Light 72k g\u00f6z kremi, genellikle y\u00fcz\u00fcn genel zamans\u0131z g\u00f6r\u00fcn\u00fcm\u00fcn\u00fc belirleyen g\u00f6z \u00e7evresindeki ince \u00e7izgileri ve k\u0131r\u0131\u015f\u0131kl\u0131klar\u0131 d\u00fczeltir. \u00d6zel olarak form\u00fcle edilmi\u015f ve se\u00e7ilmi\u015f bitkilerden elde edilen sinerjik \u00f6zler, g\u00fczel bir g\u00f6r\u00fcn\u00fcm\u00fcn vaat ettiklerini ger\u00e7ekle\u015ftirir. Sodyum hiyal\u00fcronat ve biyolojik g\u00fc\u00e7lendirici Acmella Spilanthes (paracress) ile birlikte p\u00fcr\u00fczs\u00fczle\u015ftirir, canland\u0131r\u0131r ve parlat\u0131r; g\u00f6z \u00e7evresindeki cildi nemlendirir ve s\u0131k\u0131la\u015ft\u0131r\u0131r. Ayn\u0131 zamanda ultra canland\u0131r\u0131c\u0131 g\u00fc\u00e7l\u00fc form\u00fcl <b>Artemisia<\/b> C-08UC Complex<sup>\u00ae<\/sup> cildin erken ya\u015flanmas\u0131ndan sorumlu zararl\u0131 serbest radikalleri de etkisiz hale getirir. Bitkisel ya\u011flar cildi korur ve besleyici, yat\u0131\u015ft\u0131r\u0131c\u0131 ve ek nemlendirici etkiye sahiptir. Ekspresif cilt k\u0131sm\u0131 da dehidrasyondan korunur. T\u00fcm cilt tipleri i\u00e7in ve her ya\u015fta ev kozmeti\u011finde kazanan bir ekstra!<\/p>","protected":false},"excerpt":{"rendered":"<p>ultra hafif eye cream ve en \u00fcst d\u00fczey Artemisia C-08UC Complex<sup>\u00ae<\/sup><\/p>","protected":false},"featured_media":13506,"comment_status":"open","ping_status":"closed","template":"","meta":[],"product_brand":[138],"product_cat":[135],"product_tag":[131],"class_list":{"0":"post-2233","1":"product","2":"type-product","3":"status-publish","4":"has-post-thumbnail","6":"product_brand-72k","7":"product_cat-women","8":"product_tag-women","10":"first","11":"instock","12":"taxable","13":"shipping-taxable","14":"purchasable","15":"product-type-simple"},"_links":{"self":[{"href":"https:\/\/72k.ch\/tr\/wp-json\/wp\/v2\/product\/2233","targetHints":{"allow":["GET"]}}],"collection":[{"href":"https:\/\/72k.ch\/tr\/wp-json\/wp\/v2\/product"}],"about":[{"href":"https:\/\/72k.ch\/tr\/wp-json\/wp\/v2\/types\/product"}],"replies":[{"embeddable":true,"href":"https:\/\/72k.ch\/tr\/wp-json\/wp\/v2\/comments?post=2233"}],"wp:featuredmedia":[{"embeddable":true,"href":"https:\/\/72k.ch\/tr\/wp-json\/wp\/v2\/media\/13506"}],"wp:attachment":[{"href":"https:\/\/72k.ch\/tr\/wp-json\/wp\/v2\/media?parent=2233"}],"wp:term":[{"taxonomy":"product_brand","embeddable":true,"href":"https:\/\/72k.ch\/tr\/wp-json\/wp\/v2\/product_brand?post=2233"},{"taxonomy":"product_cat","embeddable":true,"href":"https:\/\/72k.ch\/tr\/wp-json\/wp\/v2\/product_cat?post=2233"},{"taxonomy":"product_tag","embeddable":true,"href":"https:\/\/72k.ch\/tr\/wp-json\/wp\/v2\/product_tag?post=2233"}],"curies":[{"name":"wp","href":"https:\/\/api.w.org\/{rel}","templated":true}]}}