{"id":2231,"date":"2021-09-22T13:15:04","date_gmt":"2021-09-22T11:15:04","guid":{"rendered":"https:\/\/dev.codepa.de\/72k\/?post_type=product&#038;p=2231"},"modified":"2025-07-30T22:32:06","modified_gmt":"2025-07-30T20:32:06","slug":"eye-serum","status":"publish","type":"product","link":"https:\/\/72k.ch\/tr\/shop\/women\/eye-serum\/","title":{"rendered":"eye serum"},"content":{"rendered":"<p class=\"translation-block\"><strong>Etkileyici g\u00f6zler ki\u015finin \u00f6zg\u00fcvenini g\u00fc\u00e7lendirir!<\/strong> Sinerjik olarak etki eden \u00e7ok say\u0131da Fitoekstrakt ve de\u011ferli botanik ya\u011flar i\u00e7eren kan\u0131tlanm\u0131\u015f etkili 72k g\u00f6z serumu buna katk\u0131da bulunur.<\/p>\n<p>Natural plant extracts combined with Artemisia C-08UC Complex\u00ae formula have a firming, revitalizing, and brightening effect. They moisturize, inhibit inflammation in the skin ? and neutralize free radicals responsible for premature skin aging. The beauty booster sodium hyaluronate smoothes and tightens the skin, while Acmella Spilanthes (para cress) visibly plumps evens and firms the delicate eye area. The application of the 72k eye cream creates an optical rejuvenation and cares for the skin soothingly.<\/p>","protected":false},"excerpt":{"rendered":"<p>Artemisia C-08UC Kompleksi ile hiperpotent gen\u00e7le\u015ftirici eye serum<sup>\u00ae<\/sup><\/p>","protected":false},"featured_media":13508,"comment_status":"open","ping_status":"closed","template":"","meta":[],"product_brand":[138],"product_cat":[135],"product_tag":[131],"class_list":{"0":"post-2231","1":"product","2":"type-product","3":"status-publish","4":"has-post-thumbnail","6":"product_brand-72k","7":"product_cat-women","8":"product_tag-women","10":"first","11":"instock","12":"taxable","13":"shipping-taxable","14":"purchasable","15":"product-type-simple"},"_links":{"self":[{"href":"https:\/\/72k.ch\/tr\/wp-json\/wp\/v2\/product\/2231","targetHints":{"allow":["GET"]}}],"collection":[{"href":"https:\/\/72k.ch\/tr\/wp-json\/wp\/v2\/product"}],"about":[{"href":"https:\/\/72k.ch\/tr\/wp-json\/wp\/v2\/types\/product"}],"replies":[{"embeddable":true,"href":"https:\/\/72k.ch\/tr\/wp-json\/wp\/v2\/comments?post=2231"}],"wp:featuredmedia":[{"embeddable":true,"href":"https:\/\/72k.ch\/tr\/wp-json\/wp\/v2\/media\/13508"}],"wp:attachment":[{"href":"https:\/\/72k.ch\/tr\/wp-json\/wp\/v2\/media?parent=2231"}],"wp:term":[{"taxonomy":"product_brand","embeddable":true,"href":"https:\/\/72k.ch\/tr\/wp-json\/wp\/v2\/product_brand?post=2231"},{"taxonomy":"product_cat","embeddable":true,"href":"https:\/\/72k.ch\/tr\/wp-json\/wp\/v2\/product_cat?post=2231"},{"taxonomy":"product_tag","embeddable":true,"href":"https:\/\/72k.ch\/tr\/wp-json\/wp\/v2\/product_tag?post=2231"}],"curies":[{"name":"wp","href":"https:\/\/api.w.org\/{rel}","templated":true}]}}