{"id":2228,"date":"2021-09-22T13:02:28","date_gmt":"2021-09-22T11:02:28","guid":{"rendered":"https:\/\/dev.codepa.de\/72k\/?post_type=product&#038;p=2228"},"modified":"2025-07-30T22:31:56","modified_gmt":"2025-07-30T20:31:56","slug":"active-toner-spray","status":"publish","type":"product","link":"https:\/\/72k.ch\/tr\/shop\/women\/active-toner-spray\/","title":{"rendered":"active toner spray"},"content":{"rendered":"<p><strong>Burada g\u00fczellik rutin haline geliyor!<\/strong> G\u00f6ze batmayan 72k y\u00fcz toni\u011fi, cilde her g\u00fcn \u00f6zel bir dokunu\u015f katar. G\u00fczellik spreyi, her p\u00fcsk\u00fcrtmede ince bir \u015fekilde da\u011f\u0131l\u0131r. Cildi bol nem sa\u011flayan, temizleyen, canland\u0131ran ve tahri\u015f durumunda yat\u0131\u015ft\u0131ran de\u011ferli Fito-ekstraktlarla ferahlat\u0131r. Ayn\u0131 zamanda, bitki \u00f6zleri cildin s\u0131k\u0131la\u015fmas\u0131n\u0131 ve gerginle\u015fmesini sa\u011flayan b\u00fcz\u00fcc\u00fc bir etkiye sahiptir. Se\u00e7ilmi\u015f bitkisel ya\u011flar, cildin do\u011fal nem bariyerini besler, serinletir ve korur. Harika canland\u0131r\u0131c\u0131 etkisi, her ya\u015ftan t\u00fcm cilt tiplerini \u015f\u0131mart\u0131r. Cildiniz size te\u015fekk\u00fcr edecek!<\/p>","protected":false},"excerpt":{"rendered":"<p>canland\u0131r\u0131c\u0131 ve yenileyici Artemisia C-08UC Complex aktif tonik<sup>\u00ae<\/sup><\/p>","protected":false},"featured_media":13515,"comment_status":"open","ping_status":"closed","template":"","meta":[],"product_brand":[138],"product_cat":[135],"product_tag":[131],"class_list":{"0":"post-2228","1":"product","2":"type-product","3":"status-publish","4":"has-post-thumbnail","6":"product_brand-72k","7":"product_cat-women","8":"product_tag-women","10":"first","11":"instock","12":"taxable","13":"shipping-taxable","14":"purchasable","15":"product-type-simple"},"_links":{"self":[{"href":"https:\/\/72k.ch\/tr\/wp-json\/wp\/v2\/product\/2228","targetHints":{"allow":["GET"]}}],"collection":[{"href":"https:\/\/72k.ch\/tr\/wp-json\/wp\/v2\/product"}],"about":[{"href":"https:\/\/72k.ch\/tr\/wp-json\/wp\/v2\/types\/product"}],"replies":[{"embeddable":true,"href":"https:\/\/72k.ch\/tr\/wp-json\/wp\/v2\/comments?post=2228"}],"wp:featuredmedia":[{"embeddable":true,"href":"https:\/\/72k.ch\/tr\/wp-json\/wp\/v2\/media\/13515"}],"wp:attachment":[{"href":"https:\/\/72k.ch\/tr\/wp-json\/wp\/v2\/media?parent=2228"}],"wp:term":[{"taxonomy":"product_brand","embeddable":true,"href":"https:\/\/72k.ch\/tr\/wp-json\/wp\/v2\/product_brand?post=2228"},{"taxonomy":"product_cat","embeddable":true,"href":"https:\/\/72k.ch\/tr\/wp-json\/wp\/v2\/product_cat?post=2228"},{"taxonomy":"product_tag","embeddable":true,"href":"https:\/\/72k.ch\/tr\/wp-json\/wp\/v2\/product_tag?post=2228"}],"curies":[{"name":"wp","href":"https:\/\/api.w.org\/{rel}","templated":true}]}}