{"id":15474,"date":"2024-12-16T17:45:16","date_gmt":"2024-12-16T16:45:16","guid":{"rendered":"https:\/\/72k.ch\/?post_type=product&#038;p=15474"},"modified":"2025-07-30T23:08:43","modified_gmt":"2025-07-30T21:08:43","slug":"sun-spf-50-tinted-beige","status":"publish","type":"product","link":"https:\/\/72k.ch\/tr\/shop\/sun\/sun-spf-50-tinted-beige\/","title":{"rendered":"sun SPF 50+ tinted (bej)"},"content":{"rendered":"<ul>\n<li>Artemisia C-08UC Complex\u00ae, g\u00fcne\u015f yan\u0131\u011f\u0131, iltihaplanma ve k\u0131zar\u0131kl\u0131k gibi g\u00fcne\u015ften etkilenen cildin semptomlar\u0131n\u0131 etkili bir \u015fekilde giderir.<\/li>\n<li>D\u00fczeltici ya\u015flanma kar\u015f\u0131t\u0131 \u00f6zelliklerle: UV kaynakl\u0131 kollajen bozulmas\u0131n\u0131 ve elastikiyet kayb\u0131n\u0131 \u00f6nler<\/li>\n<li>Hyaluronik asit ve tokoferol (E vitamini) sayesinde optimum hidrasyon<\/li>\n<li>Pigmentasyon lekeleri gibi foto kaynakl\u0131 hasar\u0131 \u00f6nler<\/li>\n<li>Suya ve tere dayan\u0131kl\u0131<\/li>\n<li>O\/W em\u00fclsiyonu (su i\u00e7inde ya\u011f em\u00fclsiyonu) sayesinde, \u00fcr\u00fcn \u00f6zellikle ho\u015f bir galenik ve kuru dokunu\u015f etkisi ile karakterize edilir, ya\u011fl\u0131 veya yap\u0131\u015fkan de\u011fildir<\/li>\n<li>Klinik ve dermatolojik olarak test edilmi\u015ftir. vejeteryan \u0130svi\u00e7re&#039;de geli\u015ftirildi ve \u00fcretildi<\/li>\n<\/ul>","protected":false},"excerpt":{"rendered":"<p>Artemisia C-08UC Kompleksi ile son derece etkili ya\u015flanma kar\u015f\u0131t\u0131 geni\u015f spektrumlu \u0131\u015f\u0131k korumas\u0131<sup>\u00ae<\/sup><\/p>","protected":false},"featured_media":10639,"comment_status":"open","ping_status":"closed","template":"","meta":[],"product_brand":[138],"product_cat":[136],"product_tag":[100,101],"class_list":{"0":"post-15474","1":"product","2":"type-product","3":"status-publish","4":"has-post-thumbnail","6":"product_brand-72k","7":"product_cat-sun","8":"product_tag-bestseller","9":"product_tag-sun","11":"first","12":"instock","13":"taxable","14":"shipping-taxable","15":"purchasable","16":"product-type-simple"},"_links":{"self":[{"href":"https:\/\/72k.ch\/tr\/wp-json\/wp\/v2\/product\/15474","targetHints":{"allow":["GET"]}}],"collection":[{"href":"https:\/\/72k.ch\/tr\/wp-json\/wp\/v2\/product"}],"about":[{"href":"https:\/\/72k.ch\/tr\/wp-json\/wp\/v2\/types\/product"}],"replies":[{"embeddable":true,"href":"https:\/\/72k.ch\/tr\/wp-json\/wp\/v2\/comments?post=15474"}],"wp:featuredmedia":[{"embeddable":true,"href":"https:\/\/72k.ch\/tr\/wp-json\/wp\/v2\/media\/10639"}],"wp:attachment":[{"href":"https:\/\/72k.ch\/tr\/wp-json\/wp\/v2\/media?parent=15474"}],"wp:term":[{"taxonomy":"product_brand","embeddable":true,"href":"https:\/\/72k.ch\/tr\/wp-json\/wp\/v2\/product_brand?post=15474"},{"taxonomy":"product_cat","embeddable":true,"href":"https:\/\/72k.ch\/tr\/wp-json\/wp\/v2\/product_cat?post=15474"},{"taxonomy":"product_tag","embeddable":true,"href":"https:\/\/72k.ch\/tr\/wp-json\/wp\/v2\/product_tag?post=15474"}],"curies":[{"name":"wp","href":"https:\/\/api.w.org\/{rel}","templated":true}]}}