{"id":10534,"date":"2023-07-25T23:05:03","date_gmt":"2023-07-25T21:05:03","guid":{"rendered":"https:\/\/72k.ch\/?post_type=product&#038;p=10534"},"modified":"2025-07-30T22:32:20","modified_gmt":"2025-07-30T20:32:20","slug":"72k-the-multi-talent-cream-mask","status":"publish","type":"product","link":"https:\/\/72k.ch\/tr\/shop\/treatment\/72k-the-multi-talent-cream-mask\/","title":{"rendered":"\u00c7ok Yetenekli Krem Maske"},"content":{"rendered":"<p><strong>Kal\u0131c\u0131 etki ile derin rejenerasyon.<\/strong> The rich, soothing cream mask against the signs of aging with highly effective, biological Artemisia C-08UC Complex\u00ae. The active ingredient booster revitalizes dry, stressed and dehydrated skin and acts as an intensive treatment and anti-aging protective shield of the skin.<\/p>\n<p>Sadece bir uygulama zengin, rahatlat\u0131c\u0131 bir \u015f\u0131martma deneyimi sunar, ciltteki eksiklikleri giderir, cildi canland\u0131r\u0131r ve yeni, do\u011fal bir \u0131\u015f\u0131lt\u0131 elde etmeye yard\u0131mc\u0131 olur. Optimal bak\u0131m\u0131n faydal\u0131 art\u0131s\u0131n\u0131 deneyimleyin. Hemen fark edilir ve uzun s\u00fcre kal\u0131c\u0131 g\u00f6r\u00fcn\u00fcr.<\/p>","protected":false},"excerpt":{"rendered":"<p>Son derece etkili Artemisia C-08UC Complex ile yo\u011fun yenileyici ya\u015flanma kar\u015f\u0131t\u0131 maske<sup>\u00ae<\/sup><\/p>","protected":false},"featured_media":10539,"comment_status":"open","ping_status":"closed","template":"","meta":[],"product_brand":[138],"product_cat":[137],"product_tag":[133],"class_list":{"0":"post-10534","1":"product","2":"type-product","3":"status-publish","4":"has-post-thumbnail","6":"product_brand-72k","7":"product_cat-treatment","8":"product_tag-treatment","10":"first","11":"instock","12":"taxable","13":"shipping-taxable","14":"purchasable","15":"product-type-simple"},"_links":{"self":[{"href":"https:\/\/72k.ch\/tr\/wp-json\/wp\/v2\/product\/10534","targetHints":{"allow":["GET"]}}],"collection":[{"href":"https:\/\/72k.ch\/tr\/wp-json\/wp\/v2\/product"}],"about":[{"href":"https:\/\/72k.ch\/tr\/wp-json\/wp\/v2\/types\/product"}],"replies":[{"embeddable":true,"href":"https:\/\/72k.ch\/tr\/wp-json\/wp\/v2\/comments?post=10534"}],"wp:featuredmedia":[{"embeddable":true,"href":"https:\/\/72k.ch\/tr\/wp-json\/wp\/v2\/media\/10539"}],"wp:attachment":[{"href":"https:\/\/72k.ch\/tr\/wp-json\/wp\/v2\/media?parent=10534"}],"wp:term":[{"taxonomy":"product_brand","embeddable":true,"href":"https:\/\/72k.ch\/tr\/wp-json\/wp\/v2\/product_brand?post=10534"},{"taxonomy":"product_cat","embeddable":true,"href":"https:\/\/72k.ch\/tr\/wp-json\/wp\/v2\/product_cat?post=10534"},{"taxonomy":"product_tag","embeddable":true,"href":"https:\/\/72k.ch\/tr\/wp-json\/wp\/v2\/product_tag?post=10534"}],"curies":[{"name":"wp","href":"https:\/\/api.w.org\/{rel}","templated":true}]}}