{"id":10530,"date":"2023-07-25T23:02:17","date_gmt":"2023-07-25T21:02:17","guid":{"rendered":"https:\/\/72k.ch\/?post_type=product&#038;p=10530"},"modified":"2025-07-30T22:32:19","modified_gmt":"2025-07-30T20:32:19","slug":"72k-the-enzym-peeling","status":"publish","type":"product","link":"https:\/\/72k.ch\/tr\/shop\/treatment\/72k-the-enzym-peeling\/","title":{"rendered":"Enzim Peelingi"},"content":{"rendered":"<p class=\"translation-block\"><strong>G\u00fcle g\u00fcle solgun ten - merhaba \u0131\u015f\u0131lt\u0131!<\/strong> Cilt g\u00f6r\u00fcnt\u00fcs\u00fcn\u00fc iyile\u015ftiren enzim bazl\u0131 peeling, Artemisia annua ve bromelainin g\u00fcc\u00fcn\u00fc birle\u015ftirir. \u00d6l\u00fc cilt h\u00fccrelerini nazik\u00e7e ve hassas bir \u015fekilde serbest b\u0131rak\u0131r, sebum ve lipid birikintilerini \u00e7\u00f6zer, g\u00f6zenekleri derinlemesine temizler ve nem d\u00fczenleyici etkiye sahiptir. Yeni kombine form\u00fcl, cilt p\u00fcr\u00fczlerine ve iltihaplanmaya kar\u015f\u0131 m\u00fccadelede vazge\u00e7ilmez ortakt\u0131r.<\/p>\n<p>Ger\u00e7ek sihir, peeling h\u00fccre yenilenmesini etkinle\u015ftirdi\u011finde ba\u015flar - hassas bir yenilenme dans\u0131, ipeksi p\u00fcr\u00fczs\u00fcz, e\u015fit bir cildin do\u011fal \u0131\u015f\u0131lt\u0131s\u0131n\u0131 ve optimum parlakl\u0131\u011f\u0131n\u0131 ortaya \u00e7\u0131kar\u0131r.<\/p>\n<p>Yeniden \u00f6zg\u00fcrce nefes alabilen, yenilenmi\u015f, gen\u00e7le\u015fmi\u015f cildin saf \u015f\u0131mart\u0131c\u0131, g\u00fczelli\u011fini ve hissini ya\u015fay\u0131n.<\/p>","protected":false},"excerpt":{"rendered":"<p>Artemisia annua ve Bromelain&#039;in g\u00fcc\u00fcyle cilt dokusunu iyile\u015ftiren enzim bazl\u0131 peeling<\/p>","protected":false},"featured_media":10546,"comment_status":"open","ping_status":"closed","template":"","meta":[],"product_brand":[138],"product_cat":[137],"product_tag":[133],"class_list":{"0":"post-10530","1":"product","2":"type-product","3":"status-publish","4":"has-post-thumbnail","6":"product_brand-72k","7":"product_cat-treatment","8":"product_tag-treatment","10":"first","11":"instock","12":"taxable","13":"shipping-taxable","14":"purchasable","15":"product-type-simple"},"_links":{"self":[{"href":"https:\/\/72k.ch\/tr\/wp-json\/wp\/v2\/product\/10530","targetHints":{"allow":["GET"]}}],"collection":[{"href":"https:\/\/72k.ch\/tr\/wp-json\/wp\/v2\/product"}],"about":[{"href":"https:\/\/72k.ch\/tr\/wp-json\/wp\/v2\/types\/product"}],"replies":[{"embeddable":true,"href":"https:\/\/72k.ch\/tr\/wp-json\/wp\/v2\/comments?post=10530"}],"wp:featuredmedia":[{"embeddable":true,"href":"https:\/\/72k.ch\/tr\/wp-json\/wp\/v2\/media\/10546"}],"wp:attachment":[{"href":"https:\/\/72k.ch\/tr\/wp-json\/wp\/v2\/media?parent=10530"}],"wp:term":[{"taxonomy":"product_brand","embeddable":true,"href":"https:\/\/72k.ch\/tr\/wp-json\/wp\/v2\/product_brand?post=10530"},{"taxonomy":"product_cat","embeddable":true,"href":"https:\/\/72k.ch\/tr\/wp-json\/wp\/v2\/product_cat?post=10530"},{"taxonomy":"product_tag","embeddable":true,"href":"https:\/\/72k.ch\/tr\/wp-json\/wp\/v2\/product_tag?post=10530"}],"curies":[{"name":"wp","href":"https:\/\/api.w.org\/{rel}","templated":true}]}}