{"id":10529,"date":"2023-07-25T22:53:44","date_gmt":"2023-07-25T20:53:44","guid":{"rendered":"https:\/\/72k.ch\/?post_type=product&#038;p=10529"},"modified":"2025-08-18T07:29:45","modified_gmt":"2025-08-18T05:29:45","slug":"72k-the-bakuchiol-face-oil","status":"publish","type":"product","link":"https:\/\/72k.ch\/tr\/shop\/treatment\/72k-the-bakuchiol-face-oil\/","title":{"rendered":"Bakuchiol Y\u00fcz Ya\u011f\u0131"},"content":{"rendered":"<p><b>Do\u011fan\u0131n enerji verici g\u00fcc\u00fcne dal\u0131n.<\/b>?Discover the secret of healthy skin and radiant beauty: Intensive regenerative facial oil with highly effective, organic Artemisia macerate from the Valais in Switzerland.<\/p>\n<p>Bu konsantre, hafif y\u00fcz ya\u011f\u0131 olduk\u00e7a nemlendiricidir, besleyicidir ve komedojenik de\u011fildir. Cildin yenilenmesini uyar\u0131r, nem kayb\u0131n\u0131 \u00f6nler, do\u011fal kollajen \u00fcretimini uyar\u0131r, cildi yat\u0131\u015ft\u0131r\u0131r ve kal\u0131c\u0131 olarak korur, canland\u0131r\u0131r ve \u015f\u0131mart\u0131r.<\/p>\n<p>Discover the valuable anti-aging potential of Bakuchiol, the safe, herbal alternative to retinol, and treat yourself to the sensual, luxurious care in every drop.<\/p>","protected":false},"excerpt":{"rendered":"<p>\u0130svi\u00e7re Valais&#039;ten gelen son derece etkili, organik Artemisia macerat\u0131 i\u00e7eren yo\u011fun yenileyici y\u00fcz ya\u011f\u0131<\/p>","protected":false},"featured_media":10542,"comment_status":"open","ping_status":"closed","template":"","meta":[],"product_brand":[138],"product_cat":[137],"product_tag":[100,133],"class_list":{"0":"post-10529","1":"product","2":"type-product","3":"status-publish","4":"has-post-thumbnail","6":"product_brand-72k","7":"product_cat-treatment","8":"product_tag-bestseller","9":"product_tag-treatment","11":"first","12":"instock","13":"taxable","14":"shipping-taxable","15":"purchasable","16":"product-type-simple"},"_links":{"self":[{"href":"https:\/\/72k.ch\/tr\/wp-json\/wp\/v2\/product\/10529","targetHints":{"allow":["GET"]}}],"collection":[{"href":"https:\/\/72k.ch\/tr\/wp-json\/wp\/v2\/product"}],"about":[{"href":"https:\/\/72k.ch\/tr\/wp-json\/wp\/v2\/types\/product"}],"replies":[{"embeddable":true,"href":"https:\/\/72k.ch\/tr\/wp-json\/wp\/v2\/comments?post=10529"}],"wp:featuredmedia":[{"embeddable":true,"href":"https:\/\/72k.ch\/tr\/wp-json\/wp\/v2\/media\/10542"}],"wp:attachment":[{"href":"https:\/\/72k.ch\/tr\/wp-json\/wp\/v2\/media?parent=10529"}],"wp:term":[{"taxonomy":"product_brand","embeddable":true,"href":"https:\/\/72k.ch\/tr\/wp-json\/wp\/v2\/product_brand?post=10529"},{"taxonomy":"product_cat","embeddable":true,"href":"https:\/\/72k.ch\/tr\/wp-json\/wp\/v2\/product_cat?post=10529"},{"taxonomy":"product_tag","embeddable":true,"href":"https:\/\/72k.ch\/tr\/wp-json\/wp\/v2\/product_tag?post=10529"}],"curies":[{"name":"wp","href":"https:\/\/api.w.org\/{rel}","templated":true}]}}