{"id":291,"date":"2021-08-02T23:06:07","date_gmt":"2021-08-02T21:06:07","guid":{"rendered":"https:\/\/dev.codepa.de\/72k\/?page_id=291"},"modified":"2025-01-10T10:42:12","modified_gmt":"2025-01-10T09:42:12","slug":"science","status":"publish","type":"page","link":"https:\/\/72k.ch\/tr\/science\/","title":{"rendered":"Bilim"},"content":{"rendered":"<div data-elementor-type=\"wp-page\" data-elementor-id=\"291\" class=\"elementor elementor-291\" data-elementor-post-type=\"page\">\n\t\t\t\t<div class=\"elementor-element elementor-element-2b8881b e-con-full e-flex e-con e-parent\" data-id=\"2b8881b\" data-element_type=\"container\" data-e-type=\"container\">\n\t\t\t\t<div class=\"elementor-element elementor-element-8f63014 elementor-hidden-desktop elementor-hidden-tablet elementor-widget elementor-widget-video\" data-id=\"8f63014\" data-element_type=\"widget\" data-e-type=\"widget\" data-settings=\"{&quot;video_type&quot;:&quot;hosted&quot;,&quot;controls&quot;:&quot;yes&quot;}\" data-widget_type=\"video.default\">\n\t\t\t\t<div class=\"elementor-widget-container\">\n\t\t\t\t\t\t\t<div class=\"e-hosted-video elementor-wrapper elementor-open-inline\">\n\t\t\t\t\t<video class=\"elementor-video\" src=\"https:\/\/72k.ch\/wp-content\/uploads\/2024\/02\/9to16_480PX.mp4\" controls=\"\" preload=\"metadata\" controlslist=\"nodownload\" poster=\"https:\/\/72k.ch\/wp-content\/uploads\/2023\/12\/Poster_Swiss_Alpes_Mobile.png\"><\/video>\n\t\t\t\t<\/div>\n\t\t\t\t\t\t<\/div>\n\t\t\t\t<\/div>\n\t\t\t\t<\/div>\n\t\t<div class=\"elementor-element elementor-element-7e5d916 e-con-full e-flex e-con e-parent\" data-id=\"7e5d916\" data-element_type=\"container\" data-e-type=\"container\">\n\t\t\t\t<div class=\"elementor-element elementor-element-9c8b918 elementor-hidden-mobile elementor-widget elementor-widget-video\" data-id=\"9c8b918\" data-element_type=\"widget\" data-e-type=\"widget\" data-settings=\"{&quot;autoplay&quot;:&quot;yes&quot;,&quot;video_type&quot;:&quot;hosted&quot;,&quot;play_on_mobile&quot;:&quot;yes&quot;,&quot;controls&quot;:&quot;yes&quot;}\" data-widget_type=\"video.default\">\n\t\t\t\t<div class=\"elementor-widget-container\">\n\t\t\t\t\t\t\t<div class=\"e-hosted-video elementor-wrapper elementor-open-inline\">\n\t\t\t\t\t<video class=\"elementor-video\" src=\"https:\/\/72k.ch\/wp-content\/uploads\/2024\/02\/72k-v.8.0-BREITBILD_480DPI-1.mp4\" autoplay=\"\" controls=\"\" playsinline=\"\" controlslist=\"nodownload\"><\/video>\n\t\t\t\t<\/div>\n\t\t\t\t\t\t<\/div>\n\t\t\t\t<\/div>\n\t\t\t\t<\/div>\n\t\t<div class=\"elementor-element elementor-element-6b3aab1 e-flex e-con-boxed e-con e-parent\" data-id=\"6b3aab1\" data-element_type=\"container\" data-e-type=\"container\">\n\t\t\t\t\t<div class=\"e-con-inner\">\n\t\t<div class=\"elementor-element elementor-element-12d84bd e-con-full e-flex e-con e-child\" data-id=\"12d84bd\" data-element_type=\"container\" data-e-type=\"container\">\n\t\t\t\t<div class=\"elementor-element elementor-element-6e7d306 elementor-widget elementor-widget-heading\" data-id=\"6e7d306\" data-element_type=\"widget\" data-e-type=\"widget\" data-widget_type=\"heading.default\">\n\t\t\t\t<div class=\"elementor-widget-container\">\n\t\t\t\t\t<h1 class=\"elementor-heading-title elementor-size-default\"> <strong>Artemisia<\/strong> C-08UC Complex<sup>\u00ae<\/sup><\/h1>\t\t\t\t<\/div>\n\t\t\t\t<\/div>\n\t\t\t\t<div class=\"elementor-element elementor-element-6c590e9 elementor-widget elementor-widget-heading\" data-id=\"6c590e9\" data-element_type=\"widget\" data-e-type=\"widget\" data-widget_type=\"heading.default\">\n\t\t\t\t<div class=\"elementor-widget-container\">\n\t\t\t\t\t<h2 class=\"elementor-heading-title elementor-size-default\">Sa\u011fl\u0131kl\u0131 Cilt ve Ya\u015flanmaya Kar\u015f\u0131 Koruyucu Kalkan\u0131n Do\u011fal Yolu<\/h2>\t\t\t\t<\/div>\n\t\t\t\t<\/div>\n\t\t\t\t<div class=\"elementor-element elementor-element-1ba8183 elementor-widget elementor-widget-text-editor\" data-id=\"1ba8183\" data-element_type=\"widget\" data-e-type=\"widget\" data-widget_type=\"text-editor.default\">\n\t\t\t\t<div class=\"elementor-widget-container\">\n\t\t\t\t\t\t\t\t\tNobel T\u0131p \u00d6d\u00fcl\u00fc, Artemisia annua bitkisinin s\u0131tmaya kar\u015f\u0131 etkili oldu\u011funun ke\u015ffini tan\u0131d\u0131. 2018 y\u0131l\u0131nda sayg\u0131n British Journal of Dermatology dergisinde yay\u0131nlanan sonraki bulgular, kendine \u00f6zg\u00fc dermatolojik faydalar\u0131n\u0131 vurgulad\u0131. Bu bilgilerden yararlan\u0131larak Artemisia C-08UC Complex\u00ae form\u00fcle edildi. Kompleks, a\u015fa\u011f\u0131daki \u00f6zelliklere sahip aktif bile\u015fenler i\u00e7erir:\t\t\t\t\t\t\t\t<\/div>\n\t\t\t\t<\/div>\n\t\t\t\t<div class=\"elementor-element elementor-element-137ac12 elementor-widget elementor-widget-text-editor\" data-id=\"137ac12\" data-element_type=\"widget\" data-e-type=\"widget\" data-widget_type=\"text-editor.default\">\n\t\t\t\t<div class=\"elementor-widget-container\">\n\t\t\t\t\t\t\t\t\t<ul><li>Cildi environmental stres etkenlerinden koruyun<\/li><li>Cilt matrisinin yenilenmesini te\u015fvik edin<\/li><li>\u00c7e\u015fitli cilt problemlerine \u00e7\u00f6z\u00fcmler sunar.<\/li><li>Sa\u011fl\u0131kl\u0131 bir \u0131\u015f\u0131lt\u0131 i\u00e7in cildi nemlendirir ve besler<\/li><\/ul>\t\t\t\t\t\t\t\t<\/div>\n\t\t\t\t<\/div>\n\t\t\t\t<div class=\"elementor-element elementor-element-8843410 elementor-widget elementor-widget-text-editor\" data-id=\"8843410\" data-element_type=\"widget\" data-e-type=\"widget\" data-widget_type=\"text-editor.default\">\n\t\t\t\t<div class=\"elementor-widget-container\">\n\t\t\t\t\t\t\t\t\t<p>\u0130svi\u00e7re Alpleri&#039;nin benzersiz b\u00fcy\u00fcme ko\u015fullar\u0131, bu aktif bile\u015fenlerin g\u00fcc\u00fcn\u00fc \u00f6nemli \u00f6l\u00e7\u00fcde art\u0131r\u0131r. <br \/><br \/>Artemisia C-08UC Complex\u00ae&#039;in antioksidan \u00f6zellikleri, UV radyasyonu ve \u00e7evremental kirleticilerinden kaynaklanan erken cilt ya\u015flanmas\u0131yla m\u00fccadele eder. Antiseptik ve antibakteriyel \u00f6zellikleri cilt i\u00e7in koruyucu bir bariyer g\u00f6revi g\u00f6rerek ortaya \u00e7\u0131kabilecek iltihaplar\u0131 azalt\u0131r.<\/p><p>Artemisia C-08UC Complex\u00ae ayn\u0131 zamanda cildin yenilenme s\u00fcrecini h\u0131zland\u0131rarak ya\u015flanan cildi canland\u0131r\u0131r ve daha p\u00fcr\u00fczs\u00fcz ve s\u0131k\u0131 bir g\u00f6r\u00fcn\u00fcme yol a\u00e7ar. Lekeler, geni\u015flemi\u015f g\u00f6zenekler, siyah noktalar ve akne gibi \u00e7ok \u00e7e\u015fitli cilt sorunlar\u0131na etkili bir \u00e7\u00f6z\u00fcm sunarak daha d\u00fczg\u00fcn bir cilt tonu ve daha p\u00fcr\u00fczs\u00fcz bir cilt sa\u011flar.<\/p><p>Ayr\u0131ca Artemisia C-08UC Complex\u00ae, kahverengi deri domuzment olan melanin a\u015f\u0131r\u0131 \u00fcretimini d\u00fczenler, kan damarlar\u0131n\u0131 g\u00fc\u00e7lendirerek rosacea kaynakl\u0131 cilt k\u0131zar\u0131kl\u0131\u011f\u0131n\u0131 azalt\u0131r ve hiperpigmentasyon, iltihap sonras\u0131 lekeleri ve yara izlerini azalt\u0131r.<\/p><p>Artemisia C-08UC Complex\u00ae cilde Do\u011fal Nemlendirici Fakt\u00f6r (NMF) i\u00e7in temel bile\u015fenleri sa\u011flar, cildin nem seviyelerini zenginle\u015ftirir, besler ve sa\u011flam bir cilt bariyerinin korunmas\u0131na katk\u0131da bulunur.<\/p>\t\t\t\t\t\t\t\t<\/div>\n\t\t\t\t<\/div>\n\t\t\t\t<\/div>\n\t\t\t\t\t<\/div>\n\t\t\t\t<\/div>\n\t\t<div class=\"elementor-element elementor-element-1033b4e e-flex e-con-boxed e-con e-parent\" data-id=\"1033b4e\" data-element_type=\"container\" data-e-type=\"container\" data-settings=\"{&quot;background_background&quot;:&quot;classic&quot;}\">\n\t\t\t\t\t<div class=\"e-con-inner\">\n\t\t<div class=\"elementor-element elementor-element-df533c4 e-con-full e-flex e-con e-child\" data-id=\"df533c4\" data-element_type=\"container\" data-e-type=\"container\">\n\t\t\t\t<div class=\"elementor-element elementor-element-59c9f72 elementor-widget elementor-widget-heading\" data-id=\"59c9f72\" data-element_type=\"widget\" data-e-type=\"widget\" data-widget_type=\"heading.default\">\n\t\t\t\t<div class=\"elementor-widget-container\">\n\t\t\t\t\t<h2 class=\"elementor-heading-title elementor-size-default\">Klinik \u00c7al\u0131\u015fma Sonu\u00e7lar\u0131\n<\/h2>\t\t\t\t<\/div>\n\t\t\t\t<\/div>\n\t\t\t\t<\/div>\n\t\t<div class=\"elementor-element elementor-element-72529a5 e-con-full e-flex e-con e-child\" data-id=\"72529a5\" data-element_type=\"container\" data-e-type=\"container\">\n\t\t\t\t<div class=\"elementor-element elementor-element-7c1fa6f elementor-widget elementor-widget-image\" data-id=\"7c1fa6f\" data-element_type=\"widget\" data-e-type=\"widget\" data-widget_type=\"image.default\">\n\t\t\t\t<div class=\"elementor-widget-container\">\n\t\t\t\t\t\t\t\t\t\t\t\t\t\t\t<img fetchpriority=\"high\" decoding=\"async\" width=\"800\" height=\"422\" src=\"https:\/\/72k.ch\/wp-content\/uploads\/2024\/12\/dermascan.png.webp\" class=\"attachment-large size-large wp-image-15457\" alt=\"\" srcset=\"https:\/\/72k.ch\/wp-content\/uploads\/2024\/12\/dermascan.png.webp 996w, https:\/\/72k.ch\/wp-content\/uploads\/2024\/12\/dermascan.png-300x158.webp 300w, https:\/\/72k.ch\/wp-content\/uploads\/2024\/12\/dermascan.png-768x406.webp 768w, https:\/\/72k.ch\/wp-content\/uploads\/2024\/12\/dermascan.png-18x10.webp 18w, https:\/\/72k.ch\/wp-content\/uploads\/2024\/12\/dermascan.png-600x317.webp 600w\" sizes=\"(max-width: 800px) 100vw, 800px\" \/>\t\t\t\t\t\t\t\t\t\t\t\t\t\t\t<\/div>\n\t\t\t\t<\/div>\n\t\t\t\t<\/div>\n\t\t\t\t\t<\/div>\n\t\t\t\t<\/div>\n\t\t\t\t<\/div>","protected":false},"excerpt":{"rendered":"<p>https:\/\/72k.ch\/wp-content\/uploads\/2024\/02\/9to16_480PX.mp4https:\/\/72k.ch\/wp-content\/uploads\/2024\/02\/72k-v.8.0-BREITBILD_480DPI-1.mp4 Artemisia C-08UC Complex\u00ae The natural path to healthy Skin and a protective Shield against Aging The Nobel Prize for Medicine recognized the discovery of the Artemisia annua plant&#8217;s efficacy as an antimalarial agent. Subsequent findings, published in the esteemed British Journal of Dermatology in 2018, highlighted its distinctive dermatological benefits. Leveraging these insights, the [&hellip;]<\/p>\n","protected":false},"author":151,"featured_media":0,"parent":0,"menu_order":0,"comment_status":"closed","ping_status":"closed","template":"elementor_header_footer","meta":{"footnotes":""},"class_list":["post-291","page","type-page","status-publish","hentry"],"_links":{"self":[{"href":"https:\/\/72k.ch\/tr\/wp-json\/wp\/v2\/pages\/291","targetHints":{"allow":["GET"]}}],"collection":[{"href":"https:\/\/72k.ch\/tr\/wp-json\/wp\/v2\/pages"}],"about":[{"href":"https:\/\/72k.ch\/tr\/wp-json\/wp\/v2\/types\/page"}],"author":[{"embeddable":true,"href":"https:\/\/72k.ch\/tr\/wp-json\/wp\/v2\/users\/151"}],"replies":[{"embeddable":true,"href":"https:\/\/72k.ch\/tr\/wp-json\/wp\/v2\/comments?post=291"}],"version-history":[{"count":0,"href":"https:\/\/72k.ch\/tr\/wp-json\/wp\/v2\/pages\/291\/revisions"}],"wp:attachment":[{"href":"https:\/\/72k.ch\/tr\/wp-json\/wp\/v2\/media?parent=291"}],"curies":[{"name":"wp","href":"https:\/\/api.w.org\/{rel}","templated":true}]}}