{"id":10212,"date":"2023-06-30T14:10:25","date_gmt":"2023-06-30T12:10:25","guid":{"rendered":"https:\/\/72k.ch\/?page_id=10212"},"modified":"2025-07-08T18:24:37","modified_gmt":"2025-07-08T16:24:37","slug":"promise","status":"publish","type":"page","link":"https:\/\/72k.ch\/tr\/promise\/","title":{"rendered":"S\u00f6z"},"content":{"rendered":"<div data-elementor-type=\"wp-page\" data-elementor-id=\"10212\" class=\"elementor elementor-10212\" data-elementor-post-type=\"page\">\n\t\t\t\t<div class=\"elementor-element elementor-element-121f7b3 e-con-full e-flex e-con e-parent\" data-id=\"121f7b3\" data-element_type=\"container\" data-e-type=\"container\">\n\t\t\t\t<div class=\"elementor-element elementor-element-4cfb2f7 elementor-widget elementor-widget-heading\" data-id=\"4cfb2f7\" data-element_type=\"widget\" data-e-type=\"widget\" data-widget_type=\"heading.default\">\n\t\t\t\t<div class=\"elementor-widget-container\">\n\t\t\t\t\t<h2 class=\"elementor-heading-title elementor-size-default\">Bizim s\u00f6z\u00fcm\u00fcz<\/h2>\t\t\t\t<\/div>\n\t\t\t\t<\/div>\n\t\t<div class=\"elementor-element elementor-element-8b1db05 e-flex e-con-boxed e-con e-child\" data-id=\"8b1db05\" data-element_type=\"container\" data-e-type=\"container\" data-settings=\"{&quot;background_background&quot;:&quot;classic&quot;}\">\n\t\t\t\t\t<div class=\"e-con-inner\">\n\t\t\t\t<div class=\"elementor-element elementor-element-4f054c4 elementor-widget__width-initial elementor-widget-mobile__width-initial elementor-widget elementor-widget-image\" data-id=\"4f054c4\" data-element_type=\"widget\" data-e-type=\"widget\" data-widget_type=\"image.default\">\n\t\t\t\t<div class=\"elementor-widget-container\">\n\t\t\t\t\t\t\t\t\t\t\t\t\t\t\t<img fetchpriority=\"high\" decoding=\"async\" width=\"500\" height=\"499\" src=\"https:\/\/72k.ch\/wp-content\/uploads\/2023\/06\/ad5df7af-87a8-4a7e-a8cc-5a6d707026f2.png\" class=\"attachment-full size-full wp-image-12059\" alt=\"Pei Angela Willimann, Viocap AG ve 72k markas\u0131n\u0131n kurucusu\" srcset=\"https:\/\/72k.ch\/wp-content\/uploads\/2023\/06\/ad5df7af-87a8-4a7e-a8cc-5a6d707026f2.png 500w, https:\/\/72k.ch\/wp-content\/uploads\/2023\/06\/ad5df7af-87a8-4a7e-a8cc-5a6d707026f2-300x300.png 300w, https:\/\/72k.ch\/wp-content\/uploads\/2023\/06\/ad5df7af-87a8-4a7e-a8cc-5a6d707026f2-150x150.png 150w, https:\/\/72k.ch\/wp-content\/uploads\/2023\/06\/ad5df7af-87a8-4a7e-a8cc-5a6d707026f2-12x12.png 12w, https:\/\/72k.ch\/wp-content\/uploads\/2023\/06\/ad5df7af-87a8-4a7e-a8cc-5a6d707026f2-24x24.png 24w, https:\/\/72k.ch\/wp-content\/uploads\/2023\/06\/ad5df7af-87a8-4a7e-a8cc-5a6d707026f2-36x36.png 36w, https:\/\/72k.ch\/wp-content\/uploads\/2023\/06\/ad5df7af-87a8-4a7e-a8cc-5a6d707026f2-48x48.png 48w, https:\/\/72k.ch\/wp-content\/uploads\/2023\/06\/ad5df7af-87a8-4a7e-a8cc-5a6d707026f2-100x100.png 100w\" sizes=\"(max-width: 500px) 100vw, 500px\" \/>\t\t\t\t\t\t\t\t\t\t\t\t\t\t\t<\/div>\n\t\t\t\t<\/div>\n\t\t\t\t<div class=\"elementor-element elementor-element-a773ab2 elementor-widget elementor-widget-text-editor\" data-id=\"a773ab2\" data-element_type=\"widget\" data-e-type=\"widget\" data-widget_type=\"text-editor.default\">\n\t\t\t\t<div class=\"elementor-widget-container\">\n\t\t\t\t\t\t\t\t\t<h3 style=\"text-align: center;\"><em>\u201c\u0130svi\u00e7re&#039;den do\u011fal, organik, y\u00fcksek etkili, iyi tolere edilen cilt bak\u0131m\u0131\u201d<br \/><\/em><\/h3><p style=\"text-align: center;\">Pei Angela Willimann, 72k&#039;n\u0131n kurucusu<\/p>\t\t\t\t\t\t\t\t<\/div>\n\t\t\t\t<\/div>\n\t\t\t\t\t<\/div>\n\t\t\t\t<\/div>\n\t\t\t\t<div class=\"elementor-element elementor-element-9c0756a elementor-widget elementor-widget-text-editor\" data-id=\"9c0756a\" data-element_type=\"widget\" data-e-type=\"widget\" data-widget_type=\"text-editor.default\">\n\t\t\t\t<div class=\"elementor-widget-container\">\n\t\t\t\t\t\t\t\t\t<p style=\"text-align: center;\">\u00c7in&#039;deki \u00e7ocuklu\u011fumda bile iki derin tutkuyu ke\u015ffettim: m\u00fczik ve bitkiler. Bana g\u00f6re bitkiler, ya\u015fayan do\u011fan\u0131n \u00f6z\u00fcn\u00fc ve onun d\u00f6n\u00fc\u015ft\u00fcr\u00fcc\u00fc yeteneklerini temsil ediyor.<\/p><p style=\"text-align: center;\">Gen\u00e7 bir kad\u0131n olarak m\u00fczikoloji, medya \u00e7al\u0131\u015fmalar\u0131 ve insan-toplum-\u00e7evrement alanlar\u0131nda e\u011fitim almak i\u00e7in \u0130svi\u00e7re&#039;ye gittim. Basel&#039;de ge\u00e7irdi\u011fim s\u00fcre boyunca, \u0130mmense&#039;nin nat\u00fcropatinin \u00f6nemini ve alternatif t\u0131ptaki \u00f6nemli rol\u00fcn\u00fc fark etti\u011fim Geleneksel \u00c7in T\u0131bb\u0131 (TCM) muayenehanesinde \u00e7al\u0131\u015ft\u0131m.<\/p><p style=\"text-align: center;\" class=\"translation-block\">Bu yolculuk beni sonunda, benzersiz dermatolojik \u00f6zellikleriyle bilinen, yirmi y\u0131ldan fazla s\u00fcredir kapsaml\u0131 ara\u015ft\u0131rmalara konu olan <span style=\"text-align: var(--text-align);background-color: var( --e-global-color-c508f1e )\">ve domuz gribine kar\u015f\u0131 etkileri nedeniyle d\u00fcnya \u00e7ap\u0131nda patentli olan Artemisia annua bitkisine g\u00f6t\u00fcrd\u00fc.<\/span><\/p><p style=\"text-align: center;\">Viocap bu temelde, s\u00f6z\u00fcm\u00fcz\u00fcn temeli olan Artemisia C-08UC Complex\u00ae&#039;yi geli\u015ftirdi.<\/p><p>\u00a0<\/p><p style=\"text-align: center;\"><strong>Y\u00fcksek Verimlilik<br \/><\/strong><\/p><p style=\"text-align: center;\">Yapt\u0131\u011f\u0131m\u0131z her \u00fcr\u00fcn cilt sorunlar\u0131na ve ya\u015flanma kar\u015f\u0131t\u0131 konulara odaklan\u0131yor.<\/p><p style=\"text-align: center;\">Artemisia C-08UC Complex\u00ae, Artemisia annua bitkisinin g\u00fc\u00e7l\u00fc \u00f6zelliklerinden yararlanarak cildi korumak, onarmak ve yenilemek i\u00e7in benzersiz dermatolojik faydalar sa\u011flar.<\/p><p style=\"text-align: center;\"><span data-issueid=\"9bf0308c-5579-4aa4-903b-bd1cecd71549\" aria-label=\"Fundamentel ara\u015ft\u0131rmas\u0131 i\u00e7in a\u015fa\u011f\u0131daki metni a\u00e7\u0131n\" data-testid=\"issue-underline:Fundamental research\" data-pm-slice=\"0 0 []\">Ara\u015ft\u0131rmalar ve titiz \u00e7al\u0131\u015fmalar,ment&#039;nin etkili cilt bak\u0131m\u0131 sa\u011flama konusundaki kararl\u0131l\u0131\u011f\u0131m\u0131z\u0131 kan\u0131tl\u0131yor.<\/span><\/p><p style=\"text-align: center;\"><strong>\u00a0<\/strong><\/p><p style=\"text-align: center;\"><strong>\u0130svi\u00e7re<\/strong><\/p><p style=\"text-align: center;\">\u00dcst\u00fcn kaliteyi garanti ediyoruz \u2013 100% \u0130svi\u00e7re Made in. Aktif bile\u015fenlerin ara\u015ft\u0131r\u0131lmas\u0131 ve yeti\u015ftirilmesinden \u00fcretime kadar her ad\u0131m \u0130svi\u00e7re&#039;de ger\u00e7ekle\u015fir.<\/p><p style=\"text-align: center;\">\u00dcr\u00fcnlerimizin her a\u00e7\u0131dan g\u00fcvenilirli\u011fini garanti eden, s\u0131k\u0131 kalite standartlar\u0131m\u0131z\u0131 koruyan sertifikal\u0131 ortaklarla \u00f6zel olarak i\u015fbirli\u011fi yap\u0131yoruz.<\/p><p style=\"text-align: center;\"><strong>\u00a0<\/strong><\/p><p style=\"text-align: center;\"><strong>Do\u011fal Organik<\/strong><\/p><p style=\"text-align: center;\">Do\u011fal ve organik kozmetiklerimiz 100% do\u011fal i\u00e7eriklerden \u00fcretilmi\u015ftir. Form\u00fclasyonlar\u0131m\u0131zda geneti\u011fi de\u011fi\u015ftirilmi\u015f organizmalar, silikonlar, parabenler, mikroplastikler, sentetik kokular, palm ya\u011f\u0131 veya mineral ya\u011flar kullanmaktan ka\u00e7\u0131n\u0131yoruz.<\/p><p style=\"text-align: center;\">72k&#039;nin ahlak\u0131, k\u00f6kleri \u0130svi\u00e7re Alpleri&#039;ne ve onlar\u0131n de\u011ferli \u015fifal\u0131 bitkilerine dayanan vegan, s\u00fcrd\u00fcr\u00fclebilir \u00fcr\u00fcnleri b\u00fcnyesinde bar\u0131nd\u0131r\u0131yor. Do\u011fan\u0131n korunmas\u0131 bizim i\u00e7in esast\u0131r.<\/p>\t\t\t\t\t\t\t\t<\/div>\n\t\t\t\t<\/div>\n\t\t\t\t<\/div>\n\t\t<div class=\"elementor-element elementor-element-ca7d1e1 e-flex e-con-boxed e-con e-parent\" data-id=\"ca7d1e1\" data-element_type=\"container\" data-e-type=\"container\">\n\t\t\t\t\t<div class=\"e-con-inner\">\n\t\t\t\t<div class=\"elementor-element elementor-element-fa8c884 elementor-widget elementor-widget-spacer\" data-id=\"fa8c884\" data-element_type=\"widget\" data-e-type=\"widget\" data-widget_type=\"spacer.default\">\n\t\t\t\t<div class=\"elementor-widget-container\">\n\t\t\t\t\t\t\t<div class=\"elementor-spacer\">\n\t\t\t<div class=\"elementor-spacer-inner\"><\/div>\n\t\t<\/div>\n\t\t\t\t\t\t<\/div>\n\t\t\t\t<\/div>\n\t\t\t\t\t<\/div>\n\t\t\t\t<\/div>\n\t\t\t\t<\/div>","protected":false},"excerpt":{"rendered":"<p>Our Promise \u201c Natural organic, high efficacy, well tolerated skin care from Switzerland\u201c Pei Angela Willimann, founder of 72k Even in my childhood in China, I discovered two profound passions: music and plants. To me, plants embody the essence of living nature and its transformative abilities. As a young woman, I journeyed to Switzerland to [&hellip;]<\/p>\n","protected":false},"author":151,"featured_media":0,"parent":0,"menu_order":0,"comment_status":"closed","ping_status":"closed","template":"","meta":{"footnotes":""},"class_list":["post-10212","page","type-page","status-publish","hentry"],"_links":{"self":[{"href":"https:\/\/72k.ch\/tr\/wp-json\/wp\/v2\/pages\/10212","targetHints":{"allow":["GET"]}}],"collection":[{"href":"https:\/\/72k.ch\/tr\/wp-json\/wp\/v2\/pages"}],"about":[{"href":"https:\/\/72k.ch\/tr\/wp-json\/wp\/v2\/types\/page"}],"author":[{"embeddable":true,"href":"https:\/\/72k.ch\/tr\/wp-json\/wp\/v2\/users\/151"}],"replies":[{"embeddable":true,"href":"https:\/\/72k.ch\/tr\/wp-json\/wp\/v2\/comments?post=10212"}],"version-history":[{"count":0,"href":"https:\/\/72k.ch\/tr\/wp-json\/wp\/v2\/pages\/10212\/revisions"}],"wp:attachment":[{"href":"https:\/\/72k.ch\/tr\/wp-json\/wp\/v2\/media?parent=10212"}],"curies":[{"name":"wp","href":"https:\/\/api.w.org\/{rel}","templated":true}]}}