{"id":3708,"date":"2021-10-29T13:08:41","date_gmt":"2021-10-29T11:08:41","guid":{"rendered":"https:\/\/72k.ch\/?post_type=product&#038;p=3708"},"modified":"2025-07-30T22:32:13","modified_gmt":"2025-07-30T20:32:13","slug":"extra-comfort-cleansing-foam","status":"publish","type":"product","link":"https:\/\/72k.ch\/de\/shop\/men\/extra-comfort-cleansing-foam\/","title":{"rendered":"extra-comfort cleansing foam"},"content":{"rendered":"<p class=\"translation-block\"><strong>Ob morgens oder nach einem anstrengenden Tag:<\/strong> Gestresste Haut verlangt nach einer sanften Reinigung, die sie vom Ballast des Alltags befreit. Schluss mit Unreinheiten, \u00fcbersch\u00fcssigem Hautfett und Make-up-R\u00fcckst\u00e4nden. Der 72k Extra-Comfort Foam Cleanser ist ein ultraleichter Frischekick, der die Haut befreit und wieder atmen l\u00e4sst. Ausgew\u00e4hlte Phytoextrakte reinigen, peelen, spenden Feuchtigkeit und gl\u00e4tten die Haut. Wertvolle Pflanzen\u00f6le beruhigen, beruhigen und verleihen der Haut langanhaltend ein angenehmes Frischegef\u00fchl.<\/p>","protected":false},"excerpt":{"rendered":"<p>extraleichter Reinigungsschaum mit reinigender Artemisia C-08UC Complex<sup>\u00ae<\/sup><\/p>","protected":false},"featured_media":13513,"comment_status":"open","ping_status":"closed","template":"","meta":[],"product_brand":[138],"product_cat":[134,135],"product_tag":[132,131],"class_list":{"0":"post-3708","1":"product","2":"type-product","3":"status-publish","4":"has-post-thumbnail","6":"product_brand-72k","7":"product_cat-men","8":"product_cat-women","9":"product_tag-men","10":"product_tag-women","12":"first","13":"instock","14":"taxable","15":"shipping-taxable","16":"purchasable","17":"product-type-simple"},"_links":{"self":[{"href":"https:\/\/72k.ch\/de\/wp-json\/wp\/v2\/product\/3708","targetHints":{"allow":["GET"]}}],"collection":[{"href":"https:\/\/72k.ch\/de\/wp-json\/wp\/v2\/product"}],"about":[{"href":"https:\/\/72k.ch\/de\/wp-json\/wp\/v2\/types\/product"}],"replies":[{"embeddable":true,"href":"https:\/\/72k.ch\/de\/wp-json\/wp\/v2\/comments?post=3708"}],"wp:featuredmedia":[{"embeddable":true,"href":"https:\/\/72k.ch\/de\/wp-json\/wp\/v2\/media\/13513"}],"wp:attachment":[{"href":"https:\/\/72k.ch\/de\/wp-json\/wp\/v2\/media?parent=3708"}],"wp:term":[{"taxonomy":"product_brand","embeddable":true,"href":"https:\/\/72k.ch\/de\/wp-json\/wp\/v2\/product_brand?post=3708"},{"taxonomy":"product_cat","embeddable":true,"href":"https:\/\/72k.ch\/de\/wp-json\/wp\/v2\/product_cat?post=3708"},{"taxonomy":"product_tag","embeddable":true,"href":"https:\/\/72k.ch\/de\/wp-json\/wp\/v2\/product_tag?post=3708"}],"curies":[{"name":"wp","href":"https:\/\/api.w.org\/{rel}","templated":true}]}}