{"id":2246,"date":"2021-09-22T13:37:43","date_gmt":"2021-09-22T11:37:43","guid":{"rendered":"https:\/\/dev.codepa.de\/72k\/?post_type=product&#038;p=2246"},"modified":"2025-09-21T17:37:13","modified_gmt":"2025-09-21T15:37:13","slug":"multi-talent-spot-serum","status":"publish","type":"product","link":"https:\/\/72k.ch\/de\/shop\/treatment\/multi-talent-spot-serum\/","title":{"rendered":"multi-talent spot serum"},"content":{"rendered":"<p class=\"translation-block\"><strong>Das 72k Multitalent Spot Serum ist eine wirksame Erste Hilfe bei den unterschiedlichsten Hautproblemen.<\/strong> Es dient der Wiederherstellung einer gesunden und strahlenden Haut. <b>Artemisia<\/b> C-08UC <sup>Complex\u00ae<\/sup> , kombiniert mit sorgf\u00e4ltig ausgew\u00e4hlten Phytoextrakten, verfeinert gekonnt das Hautbild und sorgt f\u00fcr ein angenehmes Hautgef\u00fchl. Die 72k \u201eRepair &amp; Protect\u201c-Formel ist f\u00fcr jeden Hauttyp und jedes Alter geeignet. Grober Talg, vergr\u00f6\u00dferte Poren, Mitesser oder Akne zeigen sich gemindert. Die Haut erscheint ebenm\u00e4\u00dfig get\u00f6nt, Hyperpigmentierung und Aknenarben werden gemindert. Die Formulierung wirkt zudem entz\u00fcndungshemmend und adstringierend, und die nat\u00fcrlichen \u00d6le der einzigartigen Wirkformel spenden Feuchtigkeit. Dadurch wird die Haut beruhigt und der Heilungsprozess eingeleitet, wodurch ihr gesunder Glanz wiederhergestellt wird. Das macht 72k zu einem hervorragenden kosmetischen Begleiter f\u00fcrs Leben. Auch f\u00fcr Teenager zu empfehlen.<\/p>","protected":false},"excerpt":{"rendered":"<p>Reparatur- und Abwehrserum mit hyperpotentem Artemisia C-08UC Complex<sup>\u00ae<\/sup><\/p>","protected":false},"featured_media":13509,"comment_status":"open","ping_status":"closed","template":"","meta":[],"product_brand":[138],"product_cat":[137],"product_tag":[100,133],"class_list":{"0":"post-2246","1":"product","2":"type-product","3":"status-publish","4":"has-post-thumbnail","6":"product_brand-72k","7":"product_cat-treatment","8":"product_tag-bestseller","9":"product_tag-treatment","11":"first","12":"instock","13":"taxable","14":"shipping-taxable","15":"purchasable","16":"product-type-simple"},"_links":{"self":[{"href":"https:\/\/72k.ch\/de\/wp-json\/wp\/v2\/product\/2246","targetHints":{"allow":["GET"]}}],"collection":[{"href":"https:\/\/72k.ch\/de\/wp-json\/wp\/v2\/product"}],"about":[{"href":"https:\/\/72k.ch\/de\/wp-json\/wp\/v2\/types\/product"}],"replies":[{"embeddable":true,"href":"https:\/\/72k.ch\/de\/wp-json\/wp\/v2\/comments?post=2246"}],"wp:featuredmedia":[{"embeddable":true,"href":"https:\/\/72k.ch\/de\/wp-json\/wp\/v2\/media\/13509"}],"wp:attachment":[{"href":"https:\/\/72k.ch\/de\/wp-json\/wp\/v2\/media?parent=2246"}],"wp:term":[{"taxonomy":"product_brand","embeddable":true,"href":"https:\/\/72k.ch\/de\/wp-json\/wp\/v2\/product_brand?post=2246"},{"taxonomy":"product_cat","embeddable":true,"href":"https:\/\/72k.ch\/de\/wp-json\/wp\/v2\/product_cat?post=2246"},{"taxonomy":"product_tag","embeddable":true,"href":"https:\/\/72k.ch\/de\/wp-json\/wp\/v2\/product_tag?post=2246"}],"curies":[{"name":"wp","href":"https:\/\/api.w.org\/{rel}","templated":true}]}}