{"id":2244,"date":"2021-09-22T13:36:15","date_gmt":"2021-09-22T11:36:15","guid":{"rendered":"https:\/\/dev.codepa.de\/72k\/?post_type=product&#038;p=2244"},"modified":"2025-07-30T22:32:12","modified_gmt":"2025-07-30T20:32:12","slug":"face-serum-men","status":"publish","type":"product","link":"https:\/\/72k.ch\/de\/shop\/men\/face-serum-men\/","title":{"rendered":"face serum"},"content":{"rendered":"<p><strong>Ultraleichte Formulierungen sind der neue Trend!<\/strong> Und genau das bietet das au\u00dfergew\u00f6hnliche 72k face serum f\u00fcr men. Die in der Schweiz entwickelte Pflege basiert auf der regenerierenden und sch\u00fctzenden Artemisia <b>Artemisia<\/b> C-08UC-Komplex<sup>\u00ae<\/sup>, Phytoextrakte, botanische \u00d6le und die wahren Booster-Genies Hyaluron und Acmella Spilanthes. Es sch\u00fctzt beanspruchte Haut vor dem Austrocknen und n\u00e4hrt sie, w\u00e4hrend Adstringenzien sie sp\u00fcrbar straffer aussehen lassen und sich wie ein \u201eMini-Lifting\u201c anf\u00fchlen lassen. Die Haut wird hydratisiert, revitalisiert und \u2013 wo n\u00f6tig \u2013 auch antibakteriell und entz\u00fcndungshemmend gepflegt. Gleichzeitig sch\u00fctzt das Serum auch vor \u00e4u\u00dferen hautsch\u00e4digenden Einfl\u00fcssen. Ein botanischer Peeling-Effekt stimuliert die Erneuerung der Hautzellen. Der Hautton wirkt harmonischer, die nat\u00fcrliche Hautstruktur kann sich regenerieren und sieht deutlich straffer aus. Geeignet 72k face serum f\u00fcr alle, die ihre M\u00e4nnlichkeit durch gutes Aussehen betonen!<\/p>","protected":false},"excerpt":{"rendered":"<p>intensives Lifting- und Straffungsserum mit multifunktionalem Artemisia C-08UC Complex<sup>\u00ae<\/sup><\/p>","protected":false},"featured_media":13510,"comment_status":"open","ping_status":"closed","template":"","meta":[],"product_brand":[138],"product_cat":[134],"product_tag":[132],"class_list":{"0":"post-2244","1":"product","2":"type-product","3":"status-publish","4":"has-post-thumbnail","6":"product_brand-72k","7":"product_cat-men","8":"product_tag-men","10":"first","11":"instock","12":"taxable","13":"shipping-taxable","14":"purchasable","15":"product-type-simple"},"_links":{"self":[{"href":"https:\/\/72k.ch\/de\/wp-json\/wp\/v2\/product\/2244","targetHints":{"allow":["GET"]}}],"collection":[{"href":"https:\/\/72k.ch\/de\/wp-json\/wp\/v2\/product"}],"about":[{"href":"https:\/\/72k.ch\/de\/wp-json\/wp\/v2\/types\/product"}],"replies":[{"embeddable":true,"href":"https:\/\/72k.ch\/de\/wp-json\/wp\/v2\/comments?post=2244"}],"wp:featuredmedia":[{"embeddable":true,"href":"https:\/\/72k.ch\/de\/wp-json\/wp\/v2\/media\/13510"}],"wp:attachment":[{"href":"https:\/\/72k.ch\/de\/wp-json\/wp\/v2\/media?parent=2244"}],"wp:term":[{"taxonomy":"product_brand","embeddable":true,"href":"https:\/\/72k.ch\/de\/wp-json\/wp\/v2\/product_brand?post=2244"},{"taxonomy":"product_cat","embeddable":true,"href":"https:\/\/72k.ch\/de\/wp-json\/wp\/v2\/product_cat?post=2244"},{"taxonomy":"product_tag","embeddable":true,"href":"https:\/\/72k.ch\/de\/wp-json\/wp\/v2\/product_tag?post=2244"}],"curies":[{"name":"wp","href":"https:\/\/api.w.org\/{rel}","templated":true}]}}