{"id":2242,"date":"2021-09-22T13:34:48","date_gmt":"2021-09-22T11:34:48","guid":{"rendered":"https:\/\/dev.codepa.de\/72k\/?post_type=product&#038;p=2242"},"modified":"2025-07-30T22:32:11","modified_gmt":"2025-07-30T20:32:11","slug":"eye-serum-men","status":"publish","type":"product","link":"https:\/\/72k.ch\/de\/shop\/men\/eye-serum-men\/","title":{"rendered":"eye serum"},"content":{"rendered":"<p class=\"translation-block\"><strong>Ein maskuliner Look strahlt Selbstbewusstsein aus!<\/strong> Die notwendige Pflegeformel liefert 72k. Das effiziente Zusammenspiel der beiden Beauty-Booster und Relief-Gl\u00e4tter Natriumhyaluronat und Acmella Spilanthes, zus\u00e4tzlich angereichert mit dem aktivierenden und sch\u00fctzenden <b>Artemisia<\/b> C-08UC Complex\u00ae <sup>,<\/sup> erzeugt einzigartige Effekte, die gestresster M\u00e4nnerhaut umfassend entgegenwirken. Ausgew\u00e4hlte Pflanzenextrakte revitalisieren, straffen und wirken aufhellend, w\u00e4hrend die Haut mit Feuchtigkeit versorgt und vor freien Radikalen gesch\u00fctzt wird, die f\u00fcr vorzeitige Hautalterung verantwortlich sind. Botanische \u00d6le befeuchten, beruhigen und pflegen die Haut im Alltag, Beruf und in der Freizeit. Diese Anti-Aging-Formel unterstreicht den trendigen Anspruch an gepflegten M\u00e4nnercharme!<\/p>","protected":false},"excerpt":{"rendered":"<p>intensiv straffend und verj\u00fcngend eye serum mit Artemisia C-08UC Complex<sup>\u00ae<\/sup><\/p>","protected":false},"featured_media":13507,"comment_status":"open","ping_status":"closed","template":"","meta":[],"product_brand":[138],"product_cat":[134],"product_tag":[132],"class_list":{"0":"post-2242","1":"product","2":"type-product","3":"status-publish","4":"has-post-thumbnail","6":"product_brand-72k","7":"product_cat-men","8":"product_tag-men","10":"first","11":"instock","12":"taxable","13":"shipping-taxable","14":"purchasable","15":"product-type-simple"},"_links":{"self":[{"href":"https:\/\/72k.ch\/de\/wp-json\/wp\/v2\/product\/2242","targetHints":{"allow":["GET"]}}],"collection":[{"href":"https:\/\/72k.ch\/de\/wp-json\/wp\/v2\/product"}],"about":[{"href":"https:\/\/72k.ch\/de\/wp-json\/wp\/v2\/types\/product"}],"replies":[{"embeddable":true,"href":"https:\/\/72k.ch\/de\/wp-json\/wp\/v2\/comments?post=2242"}],"wp:featuredmedia":[{"embeddable":true,"href":"https:\/\/72k.ch\/de\/wp-json\/wp\/v2\/media\/13507"}],"wp:attachment":[{"href":"https:\/\/72k.ch\/de\/wp-json\/wp\/v2\/media?parent=2242"}],"wp:term":[{"taxonomy":"product_brand","embeddable":true,"href":"https:\/\/72k.ch\/de\/wp-json\/wp\/v2\/product_brand?post=2242"},{"taxonomy":"product_cat","embeddable":true,"href":"https:\/\/72k.ch\/de\/wp-json\/wp\/v2\/product_cat?post=2242"},{"taxonomy":"product_tag","embeddable":true,"href":"https:\/\/72k.ch\/de\/wp-json\/wp\/v2\/product_tag?post=2242"}],"curies":[{"name":"wp","href":"https:\/\/api.w.org\/{rel}","templated":true}]}}