{"id":2240,"date":"2021-09-22T13:33:18","date_gmt":"2021-09-22T11:33:18","guid":{"rendered":"https:\/\/dev.codepa.de\/72k\/?post_type=product&#038;p=2240"},"modified":"2025-07-30T22:32:10","modified_gmt":"2025-07-30T20:32:10","slug":"72k-active-toner-spray-men","status":"publish","type":"product","link":"https:\/\/72k.ch\/de\/shop\/men\/72k-active-toner-spray-men\/","title":{"rendered":"active toner spray"},"content":{"rendered":"<p class=\"translation-block\"><strong>Mit Mut zur Innovation k\u00f6nnen Sie ein maskulines Aussehen bewahren!<\/strong> Das 72k Intensive Tonic ist ein gutes Beispiel. Der innovative straffende und k\u00fchlende Effekt wird bei regelm\u00e4\u00dfiger Anwendung sichtbar. Phyto-Extrakte und botanische \u00d6le wirken tief in die Poren. Der fein verteilte Nebel des 72k Intensive Tonic reinigt und erfrischt die Haut von men, beruhigt und l\u00f6scht schwelende Hautirritationen wie Rasurbrand mit sanfter K\u00fchle. Die adstringierende Wirkung unseres Tonics strafft die Haut, indem sie sie zusammenzieht und au\u00dfergew\u00f6hnlich energetisierte Haut zum Vorschein bringt. Wertvolle Pflanzen\u00f6le tragen zum sichtbar gepflegten und hydratisierten Aussehen der Haut bei. Eine intelligente Routine f\u00fcr einen selbstbewussten Mann mit \u00fcberraschend sch\u00f6ner Haut.<\/p>","protected":false},"excerpt":{"rendered":"<p>Aktivtoner mit revitalisierender, hautberuhigender Wirkung Artemisia C-08UC Complex<sup>\u00ae<\/sup><\/p>","protected":false},"featured_media":13514,"comment_status":"open","ping_status":"closed","template":"","meta":[],"product_brand":[138],"product_cat":[134],"product_tag":[132],"class_list":{"0":"post-2240","1":"product","2":"type-product","3":"status-publish","4":"has-post-thumbnail","6":"product_brand-72k","7":"product_cat-men","8":"product_tag-men","10":"first","11":"instock","12":"taxable","13":"shipping-taxable","14":"purchasable","15":"product-type-simple"},"_links":{"self":[{"href":"https:\/\/72k.ch\/de\/wp-json\/wp\/v2\/product\/2240","targetHints":{"allow":["GET"]}}],"collection":[{"href":"https:\/\/72k.ch\/de\/wp-json\/wp\/v2\/product"}],"about":[{"href":"https:\/\/72k.ch\/de\/wp-json\/wp\/v2\/types\/product"}],"replies":[{"embeddable":true,"href":"https:\/\/72k.ch\/de\/wp-json\/wp\/v2\/comments?post=2240"}],"wp:featuredmedia":[{"embeddable":true,"href":"https:\/\/72k.ch\/de\/wp-json\/wp\/v2\/media\/13514"}],"wp:attachment":[{"href":"https:\/\/72k.ch\/de\/wp-json\/wp\/v2\/media?parent=2240"}],"wp:term":[{"taxonomy":"product_brand","embeddable":true,"href":"https:\/\/72k.ch\/de\/wp-json\/wp\/v2\/product_brand?post=2240"},{"taxonomy":"product_cat","embeddable":true,"href":"https:\/\/72k.ch\/de\/wp-json\/wp\/v2\/product_cat?post=2240"},{"taxonomy":"product_tag","embeddable":true,"href":"https:\/\/72k.ch\/de\/wp-json\/wp\/v2\/product_tag?post=2240"}],"curies":[{"name":"wp","href":"https:\/\/api.w.org\/{rel}","templated":true}]}}