{"id":2238,"date":"2021-09-22T13:31:42","date_gmt":"2021-09-22T11:31:42","guid":{"rendered":"https:\/\/dev.codepa.de\/72k\/?post_type=product&#038;p=2238"},"modified":"2025-07-30T22:32:09","modified_gmt":"2025-07-30T20:32:09","slug":"face-creme","status":"publish","type":"product","link":"https:\/\/72k.ch\/de\/shop\/women\/face-creme\/","title":{"rendered":"face cream"},"content":{"rendered":"<p class=\"translation-block\"><strong>Strahlendes Aussehen ist das Ergebnis reichhaltiger Pflege!<\/strong> Die Wirksamkeit der 72k face cream liegt in der wissenschaftlich fundierten <b>Artemisia<\/b> C-08UC Complex <sup>\u00ae<\/sup> Formel, wertvollen Phytoextrakten, ausgew\u00e4hlten Pflanzen\u00f6len sowie den Gl\u00e4tte- und Straffungsboostern Natriumhyaluronat und Acmella Spilanthes. Die erlesenen Pflanzenextrakte regenerieren, gl\u00e4tten und gl\u00e4tten die Haut. Sie harmonisieren die optische Ausstrahlung des Teints und f\u00f6rdern einen nat\u00fcrlichen \u201eGlow\u201c. Gleichzeitig sch\u00fctzen sie auch vor oxidativem Stress durch freie Radikale, die f\u00fcr die vorzeitige Hautalterung verantwortlich sind. Pflanzen\u00f6le erg\u00e4nzen diesen Schutz, pflegen und beruhigen die Haut und helfen gemeinsam mit Natriumhyaluronat, die Feuchtigkeit zu bewahren. Die 72k Luxuscreme mit Anti-Aging- und Mini-Lifting-Effekt verleiht ein gepflegtes und verj\u00fcngtes Aussehen. Die Textur und die aktive Formel von 72k face cream eignen sich am besten f\u00fcr normale bis trockene und reife Haut, sind aber auch f\u00fcr andere Hauttypen und jedes Alter von Vorteil.<\/p>","protected":false},"excerpt":{"rendered":"<p>multikorrigierendes face cream mit hochpotentem Artemisia C-08UC Complex<sup>\u00ae<\/sup><\/p>","protected":false},"featured_media":13512,"comment_status":"open","ping_status":"closed","template":"","meta":[],"product_brand":[138],"product_cat":[135],"product_tag":[100,131],"class_list":{"0":"post-2238","1":"product","2":"type-product","3":"status-publish","4":"has-post-thumbnail","6":"product_brand-72k","7":"product_cat-women","8":"product_tag-bestseller","9":"product_tag-women","11":"first","12":"instock","13":"taxable","14":"shipping-taxable","15":"purchasable","16":"product-type-simple"},"_links":{"self":[{"href":"https:\/\/72k.ch\/de\/wp-json\/wp\/v2\/product\/2238","targetHints":{"allow":["GET"]}}],"collection":[{"href":"https:\/\/72k.ch\/de\/wp-json\/wp\/v2\/product"}],"about":[{"href":"https:\/\/72k.ch\/de\/wp-json\/wp\/v2\/types\/product"}],"replies":[{"embeddable":true,"href":"https:\/\/72k.ch\/de\/wp-json\/wp\/v2\/comments?post=2238"}],"wp:featuredmedia":[{"embeddable":true,"href":"https:\/\/72k.ch\/de\/wp-json\/wp\/v2\/media\/13512"}],"wp:attachment":[{"href":"https:\/\/72k.ch\/de\/wp-json\/wp\/v2\/media?parent=2238"}],"wp:term":[{"taxonomy":"product_brand","embeddable":true,"href":"https:\/\/72k.ch\/de\/wp-json\/wp\/v2\/product_brand?post=2238"},{"taxonomy":"product_cat","embeddable":true,"href":"https:\/\/72k.ch\/de\/wp-json\/wp\/v2\/product_cat?post=2238"},{"taxonomy":"product_tag","embeddable":true,"href":"https:\/\/72k.ch\/de\/wp-json\/wp\/v2\/product_tag?post=2238"}],"curies":[{"name":"wp","href":"https:\/\/api.w.org\/{rel}","templated":true}]}}