{"id":2236,"date":"2021-09-22T13:29:55","date_gmt":"2021-09-22T11:29:55","guid":{"rendered":"https:\/\/dev.codepa.de\/72k\/?post_type=product&#038;p=2236"},"modified":"2025-07-30T22:32:08","modified_gmt":"2025-07-30T20:32:08","slug":"face-serum","status":"publish","type":"product","link":"https:\/\/72k.ch\/de\/shop\/women\/face-serum\/","title":{"rendered":"face serum"},"content":{"rendered":"<p class=\"translation-block\"><strong>Gut formulierte Sch\u00f6nheit steht jeder Frau!<\/strong> Die bezaubernde Wirksamkeit des 72k face serum ist ganz darauf ausgerichtet und klinisch nachgewiesen. Seine kraftvolle Formulierung basiert auf dem innovativen, einzigartigen <b>Artemisia<\/b> C-08UC <sup>Complex\u00ae<\/sup> und der \u00fcberzeugenden Kraft wertvoller Pflanzenwirkstoffe. Die synergistischen Phytoextrakte revitalisieren, straffen und wirken adstringierend. Bei Bedarf wirken sie zudem antibakteriell und entz\u00fcndungshemmend.<\/p>\n<p class=\"translation-block\">Zus\u00e4tzlich spendet der Natriumhyaluronat-Booster der Haut Feuchtigkeit und l\u00e4sst sie zusammen mit dem Bio-Botox Acmella Spilanthes (Parakresse) glatter und straffer aussehen. Wertvolle Pflanzen\u00f6le lassen die Haut strahlend und jugendlich aussehen, indem sie sie n\u00e4hren, beruhigen und vor dem Austrocknen sch\u00fctzen. (Ein pflanzlicher Peeling-Effekt regt die Zellerneuerung der Haut an.) Der <b>Artemisia<\/b> C-08UC Complex <sup>\u00ae<\/sup> hellt Ihre Haut auf, kl\u00e4rt ihren Teint und sch\u00fctzt Sie mit Antioxidantien. F\u00fcr strahlende Haut und ein angenehmes Gef\u00fchl. 72k Gesichtsseren sorgen f\u00fcr zus\u00e4tzliche Pflege und verwischen die Spuren der Zeit!<\/p>","protected":false},"excerpt":{"rendered":"<p>Hochleistungs-Ultra-Lift face serum mit Artemisia C-08UC Complex<sup>\u00ae<\/sup><\/p>","protected":false},"featured_media":13511,"comment_status":"open","ping_status":"closed","template":"","meta":[],"product_brand":[138],"product_cat":[135],"product_tag":[131],"class_list":{"0":"post-2236","1":"product","2":"type-product","3":"status-publish","4":"has-post-thumbnail","6":"product_brand-72k","7":"product_cat-women","8":"product_tag-women","10":"first","11":"instock","12":"taxable","13":"shipping-taxable","14":"purchasable","15":"product-type-simple"},"_links":{"self":[{"href":"https:\/\/72k.ch\/de\/wp-json\/wp\/v2\/product\/2236","targetHints":{"allow":["GET"]}}],"collection":[{"href":"https:\/\/72k.ch\/de\/wp-json\/wp\/v2\/product"}],"about":[{"href":"https:\/\/72k.ch\/de\/wp-json\/wp\/v2\/types\/product"}],"replies":[{"embeddable":true,"href":"https:\/\/72k.ch\/de\/wp-json\/wp\/v2\/comments?post=2236"}],"wp:featuredmedia":[{"embeddable":true,"href":"https:\/\/72k.ch\/de\/wp-json\/wp\/v2\/media\/13511"}],"wp:attachment":[{"href":"https:\/\/72k.ch\/de\/wp-json\/wp\/v2\/media?parent=2236"}],"wp:term":[{"taxonomy":"product_brand","embeddable":true,"href":"https:\/\/72k.ch\/de\/wp-json\/wp\/v2\/product_brand?post=2236"},{"taxonomy":"product_cat","embeddable":true,"href":"https:\/\/72k.ch\/de\/wp-json\/wp\/v2\/product_cat?post=2236"},{"taxonomy":"product_tag","embeddable":true,"href":"https:\/\/72k.ch\/de\/wp-json\/wp\/v2\/product_tag?post=2236"}],"curies":[{"name":"wp","href":"https:\/\/api.w.org\/{rel}","templated":true}]}}