{"id":2233,"date":"2021-09-22T13:19:10","date_gmt":"2021-09-22T11:19:10","guid":{"rendered":"https:\/\/dev.codepa.de\/72k\/?post_type=product&#038;p=2233"},"modified":"2025-07-30T22:32:07","modified_gmt":"2025-07-30T20:32:07","slug":"eye-creme","status":"publish","type":"product","link":"https:\/\/72k.ch\/de\/shop\/women\/eye-creme\/","title":{"rendered":"eye cream"},"content":{"rendered":"<p class=\"translation-block\"><strong>Optische Verj\u00fcngung steht an erster Stelle!<\/strong> Light 72k eye cream korrigiert feine Linien und F\u00e4ltchen rund um die Augen, die oft das zeitlose Gesamtbild des Gesichts bestimmen. Speziell formulierte und synergistische Extrakte aus ausgew\u00e4hlten Pflanzen leisten, was ein sch\u00f6nes Aussehen verspricht. In Kombination mit Natriumhyaluronat und dem Bio-Booster Acmella Spilanthes (Parakresse) gl\u00e4tten, revitalisieren und erhellen sie; sie befeuchten und straffen die Haut rund um die Augen. Gleichzeitig neutralisiert die ultra-revitalisierende Power-Formel <b>Artemisia<\/b> C-08UC <sup>Complex\u00ae<\/sup> auch sch\u00e4dliche freie Radikale, die f\u00fcr vorzeitige Hautalterung verantwortlich sind. Pflanzen\u00f6le sch\u00fctzen die Haut und wirken pflegend, beruhigend und zus\u00e4tzlich feuchtigkeitsspendend. Die ausdrucksstarke Hautpartie wird zudem vor dem Austrocknen gesch\u00fctzt. F\u00fcr jeden Hauttyp und in jedem Alter ein gewinnendes Extra in der Heimkosmetik!<\/p>","protected":false},"excerpt":{"rendered":"<p>ultraleichtes eye cream mit ultimativem Artemisia C-08UC Complex<sup>\u00ae<\/sup><\/p>","protected":false},"featured_media":13506,"comment_status":"open","ping_status":"closed","template":"","meta":[],"product_brand":[138],"product_cat":[135],"product_tag":[131],"class_list":{"0":"post-2233","1":"product","2":"type-product","3":"status-publish","4":"has-post-thumbnail","6":"product_brand-72k","7":"product_cat-women","8":"product_tag-women","10":"first","11":"instock","12":"taxable","13":"shipping-taxable","14":"purchasable","15":"product-type-simple"},"_links":{"self":[{"href":"https:\/\/72k.ch\/de\/wp-json\/wp\/v2\/product\/2233","targetHints":{"allow":["GET"]}}],"collection":[{"href":"https:\/\/72k.ch\/de\/wp-json\/wp\/v2\/product"}],"about":[{"href":"https:\/\/72k.ch\/de\/wp-json\/wp\/v2\/types\/product"}],"replies":[{"embeddable":true,"href":"https:\/\/72k.ch\/de\/wp-json\/wp\/v2\/comments?post=2233"}],"wp:featuredmedia":[{"embeddable":true,"href":"https:\/\/72k.ch\/de\/wp-json\/wp\/v2\/media\/13506"}],"wp:attachment":[{"href":"https:\/\/72k.ch\/de\/wp-json\/wp\/v2\/media?parent=2233"}],"wp:term":[{"taxonomy":"product_brand","embeddable":true,"href":"https:\/\/72k.ch\/de\/wp-json\/wp\/v2\/product_brand?post=2233"},{"taxonomy":"product_cat","embeddable":true,"href":"https:\/\/72k.ch\/de\/wp-json\/wp\/v2\/product_cat?post=2233"},{"taxonomy":"product_tag","embeddable":true,"href":"https:\/\/72k.ch\/de\/wp-json\/wp\/v2\/product_tag?post=2233"}],"curies":[{"name":"wp","href":"https:\/\/api.w.org\/{rel}","templated":true}]}}