{"id":2231,"date":"2021-09-22T13:15:04","date_gmt":"2021-09-22T11:15:04","guid":{"rendered":"https:\/\/dev.codepa.de\/72k\/?post_type=product&#038;p=2231"},"modified":"2025-07-30T22:32:06","modified_gmt":"2025-07-30T20:32:06","slug":"eye-serum","status":"publish","type":"product","link":"https:\/\/72k.ch\/de\/shop\/women\/eye-serum\/","title":{"rendered":"eye serum"},"content":{"rendered":"<p class=\"translation-block\"><strong>Ausdrucksstarke Augen st\u00e4rken das Selbstbewusstsein!<\/strong> Hierzu tr\u00e4gt das nachweislich wirksame 72k eye serum bei, das zahlreiche synergistisch wirkende Phytoextrakte und wertvolle Pflanzen\u00f6le enth\u00e4lt.<\/p>\n<p>Nat\u00fcrliche Pflanzenextrakte in Kombination mit der Artemisia C-08UC Complex\u00ae-Formel wirken straffend, revitalisierend und aufhellend. Sie spenden Feuchtigkeit, hemmen Entz\u00fcndungen in der Haut \u2013 und neutralisieren freie Radikale, die f\u00fcr vorzeitige Hautalterung verantwortlich sind. Der Beauty-Booster Natriumhyaluronat gl\u00e4ttet und strafft die Haut, w\u00e4hrend Acmella Spilanthes (Parakresse) die empfindliche Augenpartie sichtbar aufpolstert, gl\u00e4ttet und festigt. Die Anwendung des 72k eye cream bewirkt eine optische Verj\u00fcngung und pflegt die Haut wohltuend.<\/p>","protected":false},"excerpt":{"rendered":"<p>hyperpotent verj\u00fcngendes eye serum mit Artemisia C-08UC Complex<sup>\u00ae<\/sup><\/p>","protected":false},"featured_media":13508,"comment_status":"open","ping_status":"closed","template":"","meta":[],"product_brand":[138],"product_cat":[135],"product_tag":[131],"class_list":{"0":"post-2231","1":"product","2":"type-product","3":"status-publish","4":"has-post-thumbnail","6":"product_brand-72k","7":"product_cat-women","8":"product_tag-women","10":"first","11":"instock","12":"taxable","13":"shipping-taxable","14":"purchasable","15":"product-type-simple"},"_links":{"self":[{"href":"https:\/\/72k.ch\/de\/wp-json\/wp\/v2\/product\/2231","targetHints":{"allow":["GET"]}}],"collection":[{"href":"https:\/\/72k.ch\/de\/wp-json\/wp\/v2\/product"}],"about":[{"href":"https:\/\/72k.ch\/de\/wp-json\/wp\/v2\/types\/product"}],"replies":[{"embeddable":true,"href":"https:\/\/72k.ch\/de\/wp-json\/wp\/v2\/comments?post=2231"}],"wp:featuredmedia":[{"embeddable":true,"href":"https:\/\/72k.ch\/de\/wp-json\/wp\/v2\/media\/13508"}],"wp:attachment":[{"href":"https:\/\/72k.ch\/de\/wp-json\/wp\/v2\/media?parent=2231"}],"wp:term":[{"taxonomy":"product_brand","embeddable":true,"href":"https:\/\/72k.ch\/de\/wp-json\/wp\/v2\/product_brand?post=2231"},{"taxonomy":"product_cat","embeddable":true,"href":"https:\/\/72k.ch\/de\/wp-json\/wp\/v2\/product_cat?post=2231"},{"taxonomy":"product_tag","embeddable":true,"href":"https:\/\/72k.ch\/de\/wp-json\/wp\/v2\/product_tag?post=2231"}],"curies":[{"name":"wp","href":"https:\/\/api.w.org\/{rel}","templated":true}]}}