{"id":2228,"date":"2021-09-22T13:02:28","date_gmt":"2021-09-22T11:02:28","guid":{"rendered":"https:\/\/dev.codepa.de\/72k\/?post_type=product&#038;p=2228"},"modified":"2025-07-30T22:31:56","modified_gmt":"2025-07-30T20:31:56","slug":"active-toner-spray","status":"publish","type":"product","link":"https:\/\/72k.ch\/de\/shop\/women\/active-toner-spray\/","title":{"rendered":"active toner spray"},"content":{"rendered":"<p><strong>Hier wird Sch\u00f6nheit zur Routine!<\/strong> Das dezente 72k Gesichtswasser bietet der Haut jeden Tag etwas Besonderes. Der Beauty Mist verteilt sich mit jedem Spr\u00fchsto\u00df fein. Er erfrischt die Haut mit wertvollen Phytoextrakten, die reichlich Feuchtigkeit spenden und die Haut reinigen, beleben und bei Reizungen beruhigen. Gleichzeitig wirken die Pflanzenextrakte adstringierend, wodurch die Haut zusammenzieht und gestrafft erscheint. Ausgew\u00e4hlte Pflanzen\u00f6le pflegen, k\u00fchlen und sch\u00fctzen die nat\u00fcrliche Feuchtigkeitsbarriere der Haut. Die wunderbar belebende Wirkung verw\u00f6hnt jeden Hauttyp \u2013 in jedem Alter. Ihre Haut wird es Ihnen danken!<\/p>","protected":false},"excerpt":{"rendered":"<p>Aktivtoner mit erfrischender und vitalisierender Wirkung Artemisia C-08UC Complex<sup>\u00ae<\/sup><\/p>","protected":false},"featured_media":13515,"comment_status":"open","ping_status":"closed","template":"","meta":[],"product_brand":[138],"product_cat":[135],"product_tag":[131],"class_list":{"0":"post-2228","1":"product","2":"type-product","3":"status-publish","4":"has-post-thumbnail","6":"product_brand-72k","7":"product_cat-women","8":"product_tag-women","10":"first","11":"instock","12":"taxable","13":"shipping-taxable","14":"purchasable","15":"product-type-simple"},"_links":{"self":[{"href":"https:\/\/72k.ch\/de\/wp-json\/wp\/v2\/product\/2228","targetHints":{"allow":["GET"]}}],"collection":[{"href":"https:\/\/72k.ch\/de\/wp-json\/wp\/v2\/product"}],"about":[{"href":"https:\/\/72k.ch\/de\/wp-json\/wp\/v2\/types\/product"}],"replies":[{"embeddable":true,"href":"https:\/\/72k.ch\/de\/wp-json\/wp\/v2\/comments?post=2228"}],"wp:featuredmedia":[{"embeddable":true,"href":"https:\/\/72k.ch\/de\/wp-json\/wp\/v2\/media\/13515"}],"wp:attachment":[{"href":"https:\/\/72k.ch\/de\/wp-json\/wp\/v2\/media?parent=2228"}],"wp:term":[{"taxonomy":"product_brand","embeddable":true,"href":"https:\/\/72k.ch\/de\/wp-json\/wp\/v2\/product_brand?post=2228"},{"taxonomy":"product_cat","embeddable":true,"href":"https:\/\/72k.ch\/de\/wp-json\/wp\/v2\/product_cat?post=2228"},{"taxonomy":"product_tag","embeddable":true,"href":"https:\/\/72k.ch\/de\/wp-json\/wp\/v2\/product_tag?post=2228"}],"curies":[{"name":"wp","href":"https:\/\/api.w.org\/{rel}","templated":true}]}}