{"id":10534,"date":"2023-07-25T23:05:03","date_gmt":"2023-07-25T21:05:03","guid":{"rendered":"https:\/\/72k.ch\/?post_type=product&#038;p=10534"},"modified":"2025-07-30T22:32:20","modified_gmt":"2025-07-30T20:32:20","slug":"72k-the-multi-talent-cream-mask","status":"publish","type":"product","link":"https:\/\/72k.ch\/de\/shop\/treatment\/72k-the-multi-talent-cream-mask\/","title":{"rendered":"The Multi-Talent Cream Mask"},"content":{"rendered":"<p><strong>Tiefenregeneration mit nachhaltiger Wirkung.<\/strong> Die reichhaltige, beruhigende Crememaske gegen die Zeichen der Hautalterung mit hochwirksamem, biologischem Artemisia C-08UC Complex\u00ae. Der Wirkstoff-Booster revitalisiert trockene, beanspruchte und feuchtigkeitsarme Haut und wirkt als Intensivpflegement und Anti-Aging-Schutzschild der Haut.<\/p>\n<p>Schon eine einzige Anwendung bietet ein reichhaltiges, entspannendes Verw\u00f6hnerlebnis, f\u00fcllt Defizite auf, vitalisiert die Haut und verhilft zu neuer, nat\u00fcrlicher Ausstrahlung. Erleben Sie das wohltuende Plus optimaler Pflege. Sofort sp\u00fcrbar und langanhaltend sichtbar.<\/p>","protected":false},"excerpt":{"rendered":"<p>intensiv regenerierende Anti-Aging-Maske mit hochwirksamem Artemisia C-08UC Complex<sup>\u00ae<\/sup><\/p>","protected":false},"featured_media":10539,"comment_status":"open","ping_status":"closed","template":"","meta":[],"product_brand":[138],"product_cat":[137],"product_tag":[133],"class_list":{"0":"post-10534","1":"product","2":"type-product","3":"status-publish","4":"has-post-thumbnail","6":"product_brand-72k","7":"product_cat-treatment","8":"product_tag-treatment","10":"first","11":"instock","12":"taxable","13":"shipping-taxable","14":"purchasable","15":"product-type-simple"},"_links":{"self":[{"href":"https:\/\/72k.ch\/de\/wp-json\/wp\/v2\/product\/10534","targetHints":{"allow":["GET"]}}],"collection":[{"href":"https:\/\/72k.ch\/de\/wp-json\/wp\/v2\/product"}],"about":[{"href":"https:\/\/72k.ch\/de\/wp-json\/wp\/v2\/types\/product"}],"replies":[{"embeddable":true,"href":"https:\/\/72k.ch\/de\/wp-json\/wp\/v2\/comments?post=10534"}],"wp:featuredmedia":[{"embeddable":true,"href":"https:\/\/72k.ch\/de\/wp-json\/wp\/v2\/media\/10539"}],"wp:attachment":[{"href":"https:\/\/72k.ch\/de\/wp-json\/wp\/v2\/media?parent=10534"}],"wp:term":[{"taxonomy":"product_brand","embeddable":true,"href":"https:\/\/72k.ch\/de\/wp-json\/wp\/v2\/product_brand?post=10534"},{"taxonomy":"product_cat","embeddable":true,"href":"https:\/\/72k.ch\/de\/wp-json\/wp\/v2\/product_cat?post=10534"},{"taxonomy":"product_tag","embeddable":true,"href":"https:\/\/72k.ch\/de\/wp-json\/wp\/v2\/product_tag?post=10534"}],"curies":[{"name":"wp","href":"https:\/\/api.w.org\/{rel}","templated":true}]}}