{"id":10530,"date":"2023-07-25T23:02:17","date_gmt":"2023-07-25T21:02:17","guid":{"rendered":"https:\/\/72k.ch\/?post_type=product&#038;p=10530"},"modified":"2025-07-30T22:32:19","modified_gmt":"2025-07-30T20:32:19","slug":"72k-the-enzym-peeling","status":"publish","type":"product","link":"https:\/\/72k.ch\/de\/shop\/treatment\/72k-the-enzym-peeling\/","title":{"rendered":"The Enzym Peeling"},"content":{"rendered":"<p class=\"translation-block\"><strong>Tsch\u00fcss fahler Teint \u2013 hallo Ausstrahlung!<\/strong> Das hautbildverfeinernde Enzympeeling vereint die Kraft von Artemisia annua und Bromelain. Es befreit sanft und gezielt von abgestorbenen Hautzellen, l\u00f6st Talg- und Lipidablagerungen, reinigt porentief und wirkt feuchtigkeitsregulierend. Die neue kombinierte Formel ist der unverzichtbare Partner im Kampf gegen Hautunreinheiten und Entz\u00fcndungen.<\/p>\n<p>Die wahre Magie beginnt, wenn das Peeling die Zellregeneration aktiviert \u2013 ein zarter Tanz der Erneuerung entfesselt den nat\u00fcrlichen Glanz und die optimale Ausstrahlung seidig glatter, ebenm\u00e4\u00dfiger Haut.<\/p>\n<p>Erleben Sie die pure Verw\u00f6hnung, Sch\u00f6nheit und das Gef\u00fchl erneuerter, verj\u00fcngter Haut, die wieder frei atmen kann.<\/p>","protected":false},"excerpt":{"rendered":"<p>Enzym-Peeling, das das Hautbild mit der Kraft von Artemisia annua und Bromelain verfeinert<\/p>","protected":false},"featured_media":10546,"comment_status":"open","ping_status":"closed","template":"","meta":[],"product_brand":[138],"product_cat":[137],"product_tag":[133],"class_list":{"0":"post-10530","1":"product","2":"type-product","3":"status-publish","4":"has-post-thumbnail","6":"product_brand-72k","7":"product_cat-treatment","8":"product_tag-treatment","10":"first","11":"instock","12":"taxable","13":"shipping-taxable","14":"purchasable","15":"product-type-simple"},"_links":{"self":[{"href":"https:\/\/72k.ch\/de\/wp-json\/wp\/v2\/product\/10530","targetHints":{"allow":["GET"]}}],"collection":[{"href":"https:\/\/72k.ch\/de\/wp-json\/wp\/v2\/product"}],"about":[{"href":"https:\/\/72k.ch\/de\/wp-json\/wp\/v2\/types\/product"}],"replies":[{"embeddable":true,"href":"https:\/\/72k.ch\/de\/wp-json\/wp\/v2\/comments?post=10530"}],"wp:featuredmedia":[{"embeddable":true,"href":"https:\/\/72k.ch\/de\/wp-json\/wp\/v2\/media\/10546"}],"wp:attachment":[{"href":"https:\/\/72k.ch\/de\/wp-json\/wp\/v2\/media?parent=10530"}],"wp:term":[{"taxonomy":"product_brand","embeddable":true,"href":"https:\/\/72k.ch\/de\/wp-json\/wp\/v2\/product_brand?post=10530"},{"taxonomy":"product_cat","embeddable":true,"href":"https:\/\/72k.ch\/de\/wp-json\/wp\/v2\/product_cat?post=10530"},{"taxonomy":"product_tag","embeddable":true,"href":"https:\/\/72k.ch\/de\/wp-json\/wp\/v2\/product_tag?post=10530"}],"curies":[{"name":"wp","href":"https:\/\/api.w.org\/{rel}","templated":true}]}}