{"id":10529,"date":"2023-07-25T22:53:44","date_gmt":"2023-07-25T20:53:44","guid":{"rendered":"https:\/\/72k.ch\/?post_type=product&#038;p=10529"},"modified":"2025-08-18T07:29:45","modified_gmt":"2025-08-18T05:29:45","slug":"72k-the-bakuchiol-face-oil","status":"publish","type":"product","link":"https:\/\/72k.ch\/de\/shop\/treatment\/72k-the-bakuchiol-face-oil\/","title":{"rendered":"The Bakuchiol Face Oil"},"content":{"rendered":"<p><b>Tauchen Sie ein in die energetisierende Kraft der Natur.<\/b>?Entdecken Sie das Geheimnis gesunder Haut und strahlender Sch\u00f6nheit: Intensiv regenerierendes Gesichts\u00f6l mit hochwirksamem, biologischem Artemisia-Mazerat aus dem Wallis in der Schweiz.<\/p>\n<p>Dieses konzentrierte, leichte Gesichts\u00f6l ist stark feuchtigkeitsspendend, pflegend und dennoch nicht komedogen. Es stimuliert die Regeneration der Haut, beugt Feuchtigkeitsverlust vor, stimuliert die nat\u00fcrliche Kollagenproduktion, sch\u00fctzt, vitalisiert und verw\u00f6hnt die Haut wohltuend und nachhaltig.<\/p>\n<p>Entdecken Sie das wertvolle Anti-Aging-Potenzial von Bakuchiol, der sicheren, pflanzlichen Alternative zu Retinol und g\u00f6nnen Sie sich die sinnliche, luxuri\u00f6se Pflege mit jedem Tropfen.<\/p>","protected":false},"excerpt":{"rendered":"<p>intensiv regenerierendes Gesichts\u00f6l mit hochwirksamem, biologischem Artemisia-Mazerat aus dem Wallis in der Schweiz<\/p>","protected":false},"featured_media":10542,"comment_status":"open","ping_status":"closed","template":"","meta":[],"product_brand":[138],"product_cat":[137],"product_tag":[100,133],"class_list":{"0":"post-10529","1":"product","2":"type-product","3":"status-publish","4":"has-post-thumbnail","6":"product_brand-72k","7":"product_cat-treatment","8":"product_tag-bestseller","9":"product_tag-treatment","11":"first","12":"instock","13":"taxable","14":"shipping-taxable","15":"purchasable","16":"product-type-simple"},"_links":{"self":[{"href":"https:\/\/72k.ch\/de\/wp-json\/wp\/v2\/product\/10529","targetHints":{"allow":["GET"]}}],"collection":[{"href":"https:\/\/72k.ch\/de\/wp-json\/wp\/v2\/product"}],"about":[{"href":"https:\/\/72k.ch\/de\/wp-json\/wp\/v2\/types\/product"}],"replies":[{"embeddable":true,"href":"https:\/\/72k.ch\/de\/wp-json\/wp\/v2\/comments?post=10529"}],"wp:featuredmedia":[{"embeddable":true,"href":"https:\/\/72k.ch\/de\/wp-json\/wp\/v2\/media\/10542"}],"wp:attachment":[{"href":"https:\/\/72k.ch\/de\/wp-json\/wp\/v2\/media?parent=10529"}],"wp:term":[{"taxonomy":"product_brand","embeddable":true,"href":"https:\/\/72k.ch\/de\/wp-json\/wp\/v2\/product_brand?post=10529"},{"taxonomy":"product_cat","embeddable":true,"href":"https:\/\/72k.ch\/de\/wp-json\/wp\/v2\/product_cat?post=10529"},{"taxonomy":"product_tag","embeddable":true,"href":"https:\/\/72k.ch\/de\/wp-json\/wp\/v2\/product_tag?post=10529"}],"curies":[{"name":"wp","href":"https:\/\/api.w.org\/{rel}","templated":true}]}}