{"id":291,"date":"2021-08-02T23:06:07","date_gmt":"2021-08-02T21:06:07","guid":{"rendered":"https:\/\/dev.codepa.de\/72k\/?page_id=291"},"modified":"2025-01-10T10:42:12","modified_gmt":"2025-01-10T09:42:12","slug":"science","status":"publish","type":"page","link":"https:\/\/72k.ch\/de\/science\/","title":{"rendered":"Wissenschaft"},"content":{"rendered":"<div data-elementor-type=\"wp-page\" data-elementor-id=\"291\" class=\"elementor elementor-291\" data-elementor-post-type=\"page\">\n\t\t\t\t<div class=\"elementor-element elementor-element-2b8881b e-con-full e-flex e-con e-parent\" data-id=\"2b8881b\" data-element_type=\"container\" data-e-type=\"container\">\n\t\t\t\t<div class=\"elementor-element elementor-element-8f63014 elementor-hidden-desktop elementor-hidden-tablet elementor-widget elementor-widget-video\" data-id=\"8f63014\" data-element_type=\"widget\" data-e-type=\"widget\" data-settings=\"{&quot;video_type&quot;:&quot;hosted&quot;,&quot;controls&quot;:&quot;yes&quot;}\" data-widget_type=\"video.default\">\n\t\t\t\t<div class=\"elementor-widget-container\">\n\t\t\t\t\t\t\t<div class=\"e-hosted-video elementor-wrapper elementor-open-inline\">\n\t\t\t\t\t<video class=\"elementor-video\" src=\"https:\/\/72k.ch\/wp-content\/uploads\/2024\/02\/9to16_480PX.mp4\" controls=\"\" preload=\"metadata\" controlslist=\"nodownload\" poster=\"https:\/\/72k.ch\/wp-content\/uploads\/2023\/12\/Poster_Swiss_Alpes_Mobile.png\"><\/video>\n\t\t\t\t<\/div>\n\t\t\t\t\t\t<\/div>\n\t\t\t\t<\/div>\n\t\t\t\t<\/div>\n\t\t<div class=\"elementor-element elementor-element-7e5d916 e-con-full e-flex e-con e-parent\" data-id=\"7e5d916\" data-element_type=\"container\" data-e-type=\"container\">\n\t\t\t\t<div class=\"elementor-element elementor-element-9c8b918 elementor-hidden-mobile elementor-widget elementor-widget-video\" data-id=\"9c8b918\" data-element_type=\"widget\" data-e-type=\"widget\" data-settings=\"{&quot;autoplay&quot;:&quot;yes&quot;,&quot;video_type&quot;:&quot;hosted&quot;,&quot;play_on_mobile&quot;:&quot;yes&quot;,&quot;controls&quot;:&quot;yes&quot;}\" data-widget_type=\"video.default\">\n\t\t\t\t<div class=\"elementor-widget-container\">\n\t\t\t\t\t\t\t<div class=\"e-hosted-video elementor-wrapper elementor-open-inline\">\n\t\t\t\t\t<video class=\"elementor-video\" src=\"https:\/\/72k.ch\/wp-content\/uploads\/2024\/02\/72k-v.8.0-BREITBILD_480DPI-1.mp4\" autoplay=\"\" controls=\"\" playsinline=\"\" controlslist=\"nodownload\"><\/video>\n\t\t\t\t<\/div>\n\t\t\t\t\t\t<\/div>\n\t\t\t\t<\/div>\n\t\t\t\t<\/div>\n\t\t<div class=\"elementor-element elementor-element-6b3aab1 e-flex e-con-boxed e-con e-parent\" data-id=\"6b3aab1\" data-element_type=\"container\" data-e-type=\"container\">\n\t\t\t\t\t<div class=\"e-con-inner\">\n\t\t<div class=\"elementor-element elementor-element-12d84bd e-con-full e-flex e-con e-child\" data-id=\"12d84bd\" data-element_type=\"container\" data-e-type=\"container\">\n\t\t\t\t<div class=\"elementor-element elementor-element-6e7d306 elementor-widget elementor-widget-heading\" data-id=\"6e7d306\" data-element_type=\"widget\" data-e-type=\"widget\" data-widget_type=\"heading.default\">\n\t\t\t\t<div class=\"elementor-widget-container\">\n\t\t\t\t\t<h1 class=\"elementor-heading-title elementor-size-default\"> <strong>Artemisia<\/strong> C-08UC-Komplex<sup>\u00ae<\/sup><\/h1>\t\t\t\t<\/div>\n\t\t\t\t<\/div>\n\t\t\t\t<div class=\"elementor-element elementor-element-6c590e9 elementor-widget elementor-widget-heading\" data-id=\"6c590e9\" data-element_type=\"widget\" data-e-type=\"widget\" data-widget_type=\"heading.default\">\n\t\t\t\t<div class=\"elementor-widget-container\">\n\t\t\t\t\t<h2 class=\"elementor-heading-title elementor-size-default\">Der nat\u00fcrliche Weg zu gesunder Haut und einem Schutzschild gegen Alterung<\/h2>\t\t\t\t<\/div>\n\t\t\t\t<\/div>\n\t\t\t\t<div class=\"elementor-element elementor-element-1ba8183 elementor-widget elementor-widget-text-editor\" data-id=\"1ba8183\" data-element_type=\"widget\" data-e-type=\"widget\" data-widget_type=\"text-editor.default\">\n\t\t\t\t<div class=\"elementor-widget-container\">\n\t\t\t\t\t\t\t\t\tDer Nobelpreis f\u00fcr Medizin w\u00fcrdigte die Entdeckung der Wirksamkeit der Pflanze Artemisia annua als Mittel gegen Malaria. Nachfolgende Erkenntnisse, die 2018 im angesehenen British Journal of Dermatology ver\u00f6ffentlicht wurden, unterstrichen ihre besonderen dermatologischen Vorteile. Auf Grundlage dieser Erkenntnisse wurde Artemisia C-08UC Complex\u00ae entwickelt. Der Komplex enth\u00e4lt Wirkstoffe, die:\t\t\t\t\t\t\t\t<\/div>\n\t\t\t\t<\/div>\n\t\t\t\t<div class=\"elementor-element elementor-element-137ac12 elementor-widget elementor-widget-text-editor\" data-id=\"137ac12\" data-element_type=\"widget\" data-e-type=\"widget\" data-widget_type=\"text-editor.default\">\n\t\t\t\t<div class=\"elementor-widget-container\">\n\t\t\t\t\t\t\t\t\t<ul><li>Sch\u00fctzen Sie die Haut vor Umwelteinfl\u00fcssen<\/li><li>F\u00f6rdert die Regeneration der Hautmatrix<\/li><li>Bietet L\u00f6sungen f\u00fcr verschiedene Hautprobleme<\/li><li>Spendet Feuchtigkeit und N\u00e4hrstoffe f\u00fcr eine gesunde Haut<\/li><\/ul>\t\t\t\t\t\t\t\t<\/div>\n\t\t\t\t<\/div>\n\t\t\t\t<div class=\"elementor-element elementor-element-8843410 elementor-widget elementor-widget-text-editor\" data-id=\"8843410\" data-element_type=\"widget\" data-e-type=\"widget\" data-widget_type=\"text-editor.default\">\n\t\t\t\t<div class=\"elementor-widget-container\">\n\t\t\t\t\t\t\t\t\t<p>Die einzigartigen Wachstumsbedingungen der Schweizer Alpen verst\u00e4rken die Wirksamkeit dieser Wirkstoffe erheblich. <br \/><br \/>Die antioxidativen Eigenschaften von Artemisia C-08UC Complex\u00ae bek\u00e4mpfen vorzeitige Hautalterung durch UV-Strahlung und Umweltschadstoffe. Seine antiseptischen und antibakteriellen Eigenschaften dienen als Schutzbarriere f\u00fcr die Haut und lindern m\u00f6gliche Entz\u00fcndungen.<\/p><p>Artemisia C-08UC Complex\u00ae revitalisiert zudem alternde Haut, indem es den Regenerationsprozess der Haut verbessert, was zu einem glatteren und strafferen Aussehen f\u00fchrt. Es bietet eine wirksame L\u00f6sung f\u00fcr eine Vielzahl von Hautproblemen wie Hautunreinheiten, vergr\u00f6\u00dferte Poren, Mitesser und Akne und sorgt f\u00fcr einen gleichm\u00e4\u00dfigeren Hautton und ein glatteres Hautbild.<\/p><p>Dar\u00fcber hinaus reguliert Artemisia C-08UC Complex\u00ae die \u00dcberproduktion von Melanin, der braunen Hautfarbe, verringert die durch Rosazea verursachte Hautr\u00f6tung durch St\u00e4rkung der Blutgef\u00e4\u00dfe und verringert Hyperpigmentierung, postinflammatorische Flecken und Narben.<\/p><p>Artemisia C-08UC Complex\u00ae versorgt die Haut mit wichtigen Bestandteilen des Natural Moisturizing Factor (NMF), steigert den Feuchtigkeitsgehalt der Haut, n\u00e4hrt sie und tr\u00e4gt zur Aufrechterhaltung einer robusten Hautbarriere bei.<\/p>\t\t\t\t\t\t\t\t<\/div>\n\t\t\t\t<\/div>\n\t\t\t\t<\/div>\n\t\t\t\t\t<\/div>\n\t\t\t\t<\/div>\n\t\t<div class=\"elementor-element elementor-element-1033b4e e-flex e-con-boxed e-con e-parent\" data-id=\"1033b4e\" data-element_type=\"container\" data-e-type=\"container\" data-settings=\"{&quot;background_background&quot;:&quot;classic&quot;}\">\n\t\t\t\t\t<div class=\"e-con-inner\">\n\t\t<div class=\"elementor-element elementor-element-df533c4 e-con-full e-flex e-con e-child\" data-id=\"df533c4\" data-element_type=\"container\" data-e-type=\"container\">\n\t\t\t\t<div class=\"elementor-element elementor-element-59c9f72 elementor-widget elementor-widget-heading\" data-id=\"59c9f72\" data-element_type=\"widget\" data-e-type=\"widget\" data-widget_type=\"heading.default\">\n\t\t\t\t<div class=\"elementor-widget-container\">\n\t\t\t\t\t<h2 class=\"elementor-heading-title elementor-size-default\">Ergebnisse klinischer Studien\n<\/h2>\t\t\t\t<\/div>\n\t\t\t\t<\/div>\n\t\t\t\t<\/div>\n\t\t<div class=\"elementor-element elementor-element-72529a5 e-con-full e-flex e-con e-child\" data-id=\"72529a5\" data-element_type=\"container\" data-e-type=\"container\">\n\t\t\t\t<div class=\"elementor-element elementor-element-7c1fa6f elementor-widget elementor-widget-image\" data-id=\"7c1fa6f\" data-element_type=\"widget\" data-e-type=\"widget\" data-widget_type=\"image.default\">\n\t\t\t\t<div class=\"elementor-widget-container\">\n\t\t\t\t\t\t\t\t\t\t\t\t\t\t\t<img fetchpriority=\"high\" decoding=\"async\" width=\"800\" height=\"422\" src=\"https:\/\/72k.ch\/wp-content\/uploads\/2024\/12\/dermascan.png.webp\" class=\"attachment-large size-large wp-image-15457\" alt=\"\" srcset=\"https:\/\/72k.ch\/wp-content\/uploads\/2024\/12\/dermascan.png.webp 996w, https:\/\/72k.ch\/wp-content\/uploads\/2024\/12\/dermascan.png-300x158.webp 300w, https:\/\/72k.ch\/wp-content\/uploads\/2024\/12\/dermascan.png-768x406.webp 768w, https:\/\/72k.ch\/wp-content\/uploads\/2024\/12\/dermascan.png-18x10.webp 18w, https:\/\/72k.ch\/wp-content\/uploads\/2024\/12\/dermascan.png-600x317.webp 600w\" sizes=\"(max-width: 800px) 100vw, 800px\" \/>\t\t\t\t\t\t\t\t\t\t\t\t\t\t\t<\/div>\n\t\t\t\t<\/div>\n\t\t\t\t<\/div>\n\t\t\t\t\t<\/div>\n\t\t\t\t<\/div>\n\t\t\t\t<\/div>","protected":false},"excerpt":{"rendered":"<p>https:\/\/72k.ch\/wp-content\/uploads\/2024\/02\/9to16_480PX.mp4https:\/\/72k.ch\/wp-content\/uploads\/2024\/02\/72k-v.8.0-BREITBILD_480DPI-1.mp4 Artemisia C-08UC Complex\u00ae The natural path to healthy Skin and a protective Shield against Aging The Nobel Prize for Medicine recognized the discovery of the Artemisia annua plant&#8217;s efficacy as an antimalarial agent. Subsequent findings, published in the esteemed British Journal of Dermatology in 2018, highlighted its distinctive dermatological benefits. Leveraging these insights, the [&hellip;]<\/p>\n","protected":false},"author":151,"featured_media":0,"parent":0,"menu_order":0,"comment_status":"closed","ping_status":"closed","template":"elementor_header_footer","meta":{"footnotes":""},"class_list":["post-291","page","type-page","status-publish","hentry"],"_links":{"self":[{"href":"https:\/\/72k.ch\/de\/wp-json\/wp\/v2\/pages\/291","targetHints":{"allow":["GET"]}}],"collection":[{"href":"https:\/\/72k.ch\/de\/wp-json\/wp\/v2\/pages"}],"about":[{"href":"https:\/\/72k.ch\/de\/wp-json\/wp\/v2\/types\/page"}],"author":[{"embeddable":true,"href":"https:\/\/72k.ch\/de\/wp-json\/wp\/v2\/users\/151"}],"replies":[{"embeddable":true,"href":"https:\/\/72k.ch\/de\/wp-json\/wp\/v2\/comments?post=291"}],"version-history":[{"count":0,"href":"https:\/\/72k.ch\/de\/wp-json\/wp\/v2\/pages\/291\/revisions"}],"wp:attachment":[{"href":"https:\/\/72k.ch\/de\/wp-json\/wp\/v2\/media?parent=291"}],"curies":[{"name":"wp","href":"https:\/\/api.w.org\/{rel}","templated":true}]}}