{"id":10212,"date":"2023-06-30T14:10:25","date_gmt":"2023-06-30T12:10:25","guid":{"rendered":"https:\/\/72k.ch\/?page_id=10212"},"modified":"2025-07-08T18:24:37","modified_gmt":"2025-07-08T16:24:37","slug":"promise","status":"publish","type":"page","link":"https:\/\/72k.ch\/de\/promise\/","title":{"rendered":"Versprechen"},"content":{"rendered":"<div data-elementor-type=\"wp-page\" data-elementor-id=\"10212\" class=\"elementor elementor-10212\" data-elementor-post-type=\"page\">\n\t\t\t\t<div class=\"elementor-element elementor-element-121f7b3 e-con-full e-flex e-con e-parent\" data-id=\"121f7b3\" data-element_type=\"container\" data-e-type=\"container\">\n\t\t\t\t<div class=\"elementor-element elementor-element-4cfb2f7 elementor-widget elementor-widget-heading\" data-id=\"4cfb2f7\" data-element_type=\"widget\" data-e-type=\"widget\" data-widget_type=\"heading.default\">\n\t\t\t\t<div class=\"elementor-widget-container\">\n\t\t\t\t\t<h2 class=\"elementor-heading-title elementor-size-default\">Unser Versprechen<\/h2>\t\t\t\t<\/div>\n\t\t\t\t<\/div>\n\t\t<div class=\"elementor-element elementor-element-8b1db05 e-flex e-con-boxed e-con e-child\" data-id=\"8b1db05\" data-element_type=\"container\" data-e-type=\"container\" data-settings=\"{&quot;background_background&quot;:&quot;classic&quot;}\">\n\t\t\t\t\t<div class=\"e-con-inner\">\n\t\t\t\t<div class=\"elementor-element elementor-element-4f054c4 elementor-widget__width-initial elementor-widget-mobile__width-initial elementor-widget elementor-widget-image\" data-id=\"4f054c4\" data-element_type=\"widget\" data-e-type=\"widget\" data-widget_type=\"image.default\">\n\t\t\t\t<div class=\"elementor-widget-container\">\n\t\t\t\t\t\t\t\t\t\t\t\t\t\t\t<img fetchpriority=\"high\" decoding=\"async\" width=\"500\" height=\"499\" src=\"https:\/\/72k.ch\/wp-content\/uploads\/2023\/06\/ad5df7af-87a8-4a7e-a8cc-5a6d707026f2.png\" class=\"attachment-full size-full wp-image-12059\" alt=\"Pei Angela Willimann, Gr\u00fcnderin von Viocap AG &amp; 72k brand\" srcset=\"https:\/\/72k.ch\/wp-content\/uploads\/2023\/06\/ad5df7af-87a8-4a7e-a8cc-5a6d707026f2.png 500w, https:\/\/72k.ch\/wp-content\/uploads\/2023\/06\/ad5df7af-87a8-4a7e-a8cc-5a6d707026f2-300x300.png 300w, https:\/\/72k.ch\/wp-content\/uploads\/2023\/06\/ad5df7af-87a8-4a7e-a8cc-5a6d707026f2-150x150.png 150w, https:\/\/72k.ch\/wp-content\/uploads\/2023\/06\/ad5df7af-87a8-4a7e-a8cc-5a6d707026f2-12x12.png 12w, https:\/\/72k.ch\/wp-content\/uploads\/2023\/06\/ad5df7af-87a8-4a7e-a8cc-5a6d707026f2-24x24.png 24w, https:\/\/72k.ch\/wp-content\/uploads\/2023\/06\/ad5df7af-87a8-4a7e-a8cc-5a6d707026f2-36x36.png 36w, https:\/\/72k.ch\/wp-content\/uploads\/2023\/06\/ad5df7af-87a8-4a7e-a8cc-5a6d707026f2-48x48.png 48w, https:\/\/72k.ch\/wp-content\/uploads\/2023\/06\/ad5df7af-87a8-4a7e-a8cc-5a6d707026f2-100x100.png 100w\" sizes=\"(max-width: 500px) 100vw, 500px\" \/>\t\t\t\t\t\t\t\t\t\t\t\t\t\t\t<\/div>\n\t\t\t\t<\/div>\n\t\t\t\t<div class=\"elementor-element elementor-element-a773ab2 elementor-widget elementor-widget-text-editor\" data-id=\"a773ab2\" data-element_type=\"widget\" data-e-type=\"widget\" data-widget_type=\"text-editor.default\">\n\t\t\t\t<div class=\"elementor-widget-container\">\n\t\t\t\t\t\t\t\t\t<h3 style=\"text-align: center;\"><em>\u201eNat\u00fcrliche, biologische, hochwirksame und gut vertr\u00e4gliche Hautpflege aus der Schweiz\u201c<br \/><\/em><\/h3><p style=\"text-align: center;\">Pei Angela Willimann, Gr\u00fcnderin von 72k<\/p>\t\t\t\t\t\t\t\t<\/div>\n\t\t\t\t<\/div>\n\t\t\t\t\t<\/div>\n\t\t\t\t<\/div>\n\t\t\t\t<div class=\"elementor-element elementor-element-9c0756a elementor-widget elementor-widget-text-editor\" data-id=\"9c0756a\" data-element_type=\"widget\" data-e-type=\"widget\" data-widget_type=\"text-editor.default\">\n\t\t\t\t<div class=\"elementor-widget-container\">\n\t\t\t\t\t\t\t\t\t<p style=\"text-align: center;\">Schon in meiner Kindheit in China entdeckte ich zwei tiefe Leidenschaften: Musik und Pflanzen. F\u00fcr mich verk\u00f6rpern Pflanzen die Essenz der lebendigen Natur und ihre transformativen F\u00e4higkeiten.<\/p><p style=\"text-align: center;\">Als junge Frau reiste ich in die Schweiz, um Musikwissenschaft, Medienwissenschaften und Mensch-Gesellschaft-Umwelt zu studieren. W\u00e4hrend meiner Zeit in Basel arbeitete ich selbst in einer Praxis f\u00fcr Traditionelle Chinesische Medizin (TCM), wo ich die enorme Bedeutung der Naturheilkunde und ihre zentrale Rolle in der Alternativmedizin erkannte.<\/p><p style=\"text-align: center;\" class=\"translation-block\">Meine Reise f\u00fchrte mich schlie\u00dflich zu Artemisia annua, einer Pflanze, die f\u00fcr ihre einzigartigen dermatologischen Eigenschaften bekannt ist, die seit mehr als zwei Jahrzehnten intensiv erforscht und weltweit f\u00fcr ihre Anti-Pigmentierung patentiert wurde.<\/p><p style=\"text-align: center;\">Auf dieser Grundlage hat Viocap das Artemisia C-08UC Complex\u00ae entwickelt, die Grundlage unseres Versprechens.<\/p><p>\u00a0<\/p><p style=\"text-align: center;\"><strong>Hohe Wirksamkeit<br \/><\/strong><\/p><p style=\"text-align: center;\">Bei jedem unserer Produkte liegt der Schwerpunkt auf der Behandlung von Hautproblemen und der Anti-Aging-Wirkung.<\/p><p style=\"text-align: center;\">Artemisia C-08UC Complex\u00ae nutzt die wirksamen Eigenschaften der Pflanze Artemisia annua und bietet beispiellose dermatologische Vorteile zum Schutz, zur Reparatur und zur Regeneration der Haut.<\/p><p style=\"text-align: center;\"><span data-issueid=\"9bf0308c-5579-4aa4-903b-bd1cecd71549\" aria-label=\"offene Frage f\u00fcr den folgenden Text Fundamentel resarch\" data-testid=\"issue-underline:Fundamental research\" data-pm-slice=\"0 0 []\">Forschung und strenge Studien belegen unser Engagement f\u00fcr eine wirksame Hautpflege.<\/span><\/p><p style=\"text-align: center;\"><strong>\u00a0<\/strong><\/p><p style=\"text-align: center;\"><strong>Swiss<\/strong><\/p><p style=\"text-align: center;\">Wir garantieren Premium-Qualit\u00e4t \u2013 100% Made in Switzerland. Von der Forschung und dem Anbau der Wirkstoffe bis hin zur Produktion erfolgt jeder Schritt in der Schweiz.<\/p><p style=\"text-align: center;\">Wir arbeiten ausschlie\u00dflich mit zertifizierten Partnern zusammen, die unsere strengen Qualit\u00e4tsstandards einhalten und so die Vertrauensw\u00fcrdigkeit unserer Produkte in allen Aspekten gew\u00e4hrleisten.<\/p><p style=\"text-align: center;\"><strong>\u00a0<\/strong><\/p><p style=\"text-align: center;\"><strong>Nat\u00fcrlich Bio<\/strong><\/p><p style=\"text-align: center;\">Unsere Natur- und Biokosmetik wird aus 100% nat\u00fcrlichen Inhaltsstoffen hergestellt. Wir verzichten in unseren Rezepturen auf den Einsatz von gentechnisch ver\u00e4nderten Organismen, Silikonen, Parabenen, Mikroplastik, synthetischen Duftstoffen, Palm\u00f6l oder Mineral\u00f6len.<\/p><p style=\"text-align: center;\">Das Ethos von 72k verk\u00f6rpert vegane, nachhaltige Produkte, die tief in den Schweizer Alpen und ihren wertvollen Kr\u00e4utern und Heilpflanzen verwurzelt sind. Der Schutz der Natur ist f\u00fcr uns von wesentlicher Bedeutung.<\/p>\t\t\t\t\t\t\t\t<\/div>\n\t\t\t\t<\/div>\n\t\t\t\t<\/div>\n\t\t<div class=\"elementor-element elementor-element-ca7d1e1 e-flex e-con-boxed e-con e-parent\" data-id=\"ca7d1e1\" data-element_type=\"container\" data-e-type=\"container\">\n\t\t\t\t\t<div class=\"e-con-inner\">\n\t\t\t\t<div class=\"elementor-element elementor-element-fa8c884 elementor-widget elementor-widget-spacer\" data-id=\"fa8c884\" data-element_type=\"widget\" data-e-type=\"widget\" data-widget_type=\"spacer.default\">\n\t\t\t\t<div class=\"elementor-widget-container\">\n\t\t\t\t\t\t\t<div class=\"elementor-spacer\">\n\t\t\t<div class=\"elementor-spacer-inner\"><\/div>\n\t\t<\/div>\n\t\t\t\t\t\t<\/div>\n\t\t\t\t<\/div>\n\t\t\t\t\t<\/div>\n\t\t\t\t<\/div>\n\t\t\t\t<\/div>","protected":false},"excerpt":{"rendered":"<p>Our Promise \u201c Natural organic, high efficacy, well tolerated skin care from Switzerland\u201c Pei Angela Willimann, founder of 72k Even in my childhood in China, I discovered two profound passions: music and plants. To me, plants embody the essence of living nature and its transformative abilities. As a young woman, I journeyed to Switzerland to [&hellip;]<\/p>\n","protected":false},"author":151,"featured_media":0,"parent":0,"menu_order":0,"comment_status":"closed","ping_status":"closed","template":"","meta":{"footnotes":""},"class_list":["post-10212","page","type-page","status-publish","hentry"],"_links":{"self":[{"href":"https:\/\/72k.ch\/de\/wp-json\/wp\/v2\/pages\/10212","targetHints":{"allow":["GET"]}}],"collection":[{"href":"https:\/\/72k.ch\/de\/wp-json\/wp\/v2\/pages"}],"about":[{"href":"https:\/\/72k.ch\/de\/wp-json\/wp\/v2\/types\/page"}],"author":[{"embeddable":true,"href":"https:\/\/72k.ch\/de\/wp-json\/wp\/v2\/users\/151"}],"replies":[{"embeddable":true,"href":"https:\/\/72k.ch\/de\/wp-json\/wp\/v2\/comments?post=10212"}],"version-history":[{"count":0,"href":"https:\/\/72k.ch\/de\/wp-json\/wp\/v2\/pages\/10212\/revisions"}],"wp:attachment":[{"href":"https:\/\/72k.ch\/de\/wp-json\/wp\/v2\/media?parent=10212"}],"curies":[{"name":"wp","href":"https:\/\/api.w.org\/{rel}","templated":true}]}}